{"id":228,"date":"2026-03-14T16:50:05","date_gmt":"2026-03-14T16:50:05","guid":{"rendered":"https:\/\/donar.alandalusia.org\/?page_id=228"},"modified":"2026-03-21T15:02:28","modified_gmt":"2026-03-21T15:02:28","slug":"alandalusiafamily","status":"publish","type":"page","link":"https:\/\/donar.alandalusia.es\/en\/alandalusiafamily\/","title":{"rendered":"Al-Andalusia Family"},"content":{"rendered":"<div class=\"wp-block-group alignfull is-style-default has-tertiary-background-color has-background has-global-padding is-layout-constrained wp-container-core-group-is-layout-90e8c388 wp-block-group-is-layout-constrained\" style=\"margin-top:0;margin-bottom:var(--wp--preset--spacing--70);padding-top:var(--wp--preset--spacing--70);padding-bottom:var(--wp--preset--spacing--70);background-image:url(&#039;https:\/\/donar.alandalusia.es\/wp-content\/uploads\/2026\/03\/Ceremonia-Graduacion-Instituto-Superior-Al-Andalusia-2024-Sevilla-1-scaled-1_overlay.jpg&#039;);background-position:63% 56.99999999999999%;background-size:cover;background-attachment:scroll;\">\n<h2 class=\"wp-block-heading has-text-align-center headingwithshadow has-background-color has-text-color has-link-color wp-elements-8360db6ca1e88cd012dd9874fc51e9e2\" style=\"border-style:none;border-width:0px;margin-top:0px;margin-bottom:1rem\">Al-Andalusia Family<\/h2>\n<\/div>\n\n\n\n<div class=\"wp-block-group alignfull has-global-padding is-layout-constrained wp-container-core-group-is-layout-ace15096 wp-block-group-is-layout-constrained\" style=\"padding-top:0;padding-bottom:0\">\n<div class=\"wp-block-columns alignwide is-layout-flex wp-container-core-columns-is-layout-28f84493 wp-block-columns-is-layout-flex\">\n<div class=\"wp-block-column is-layout-flow wp-block-column-is-layout-flow\" style=\"padding-right:var(--wp--preset--spacing--30);padding-left:var(--wp--preset--spacing--30)\">\n<h2 class=\"wp-block-heading has-text-align-center has-foreground-color has-text-color has-link-color wp-elements-8a6fc55bdd9cd0bce27ce09433a892a1\" style=\"margin-top:0px;margin-bottom:1rem\">Join the Family<\/h2>\n\n\n\n<div class=\"wp-block-essential-blocks-text  root-eb-text-9mrdu\"><div class=\"eb-parent-wrapper eb-parent-eb-text-9mrdu\"><div class=\"eb-text-wrapper eb-text-9mrdu\" data-id=\"eb-text-9mrdu\"><p class=\"eb-text\">One person cannot do everything. Just as the Prophet Muhammad needed his companions to carry out his mission, we need people who believe in our work and the goals we are pursuing, and accompany us on this mission, sharing the reward and hoping to receive Allah's pleasure.<br><br>By being part of the Al-Andalusia Family, you will receive the reward of reviving the Din and Sunnah of our beloved Prophet Muhammad, s, in the lives of thousands of people. You will participate in the training of teachers, imams and ulema who will educate and inspire our communities. You will participate in the projects we undertake to empower our community, promoting higher education, resolving doubts and strengthening the imamate of our youth and community at large.<\/p><\/div><\/div><\/div>\n\n\n\n<p class=\"has-text-align-center has-foreground-color has-text-color has-link-color wp-elements-1ad27c6b23416805fa3fdfcd76cf0627\"><strong><a href=\"#donar\">Help us with a monthly donation and become part of the Al-Andalusia Family.<\/a><\/strong><\/p>\n\n\n\n<figure class=\"wp-block-embed is-type-video is-provider-youtube wp-block-embed-youtube wp-embed-aspect-16-9 wp-has-aspect-ratio\"><div class=\"wp-block-embed__wrapper\">\n<iframe title=\"Al-Andalusia Institute English Presentation | Sh. Mohammad Idrissi\" width=\"500\" height=\"281\" src=\"https:\/\/www.youtube.com\/embed\/jG63zm1MNrQ?feature=oembed\" frameborder=\"0\" allow=\"accelerometer; autoplay; clipboard-write; encrypted-media; gyroscope; picture-in-picture; web-share\" referrerpolicy=\"strict-origin-when-cross-origin\" allowfullscreen><\/iframe>\n<\/div><\/figure>\n\n\n\n<div class=\"wp-block-group has-global-padding is-layout-constrained wp-block-group-is-layout-constrained\">\n<h6 class=\"wp-block-heading has-text-align-center has-primary-color has-text-color has-link-color wp-elements-562821e253ee8967c32c0cb33fd463af\"><strong>Registered charity number<\/strong><\/h6>\n\n\n\n<div class=\"wp-block-essential-blocks-text  root-eb-text-13cop\"><div class=\"eb-parent-wrapper eb-parent-eb-text-13cop\"><div class=\"eb-text-wrapper eb-text-13cop\" data-id=\"eb-text-13cop\"><p class=\"eb-text\">Spain: 17979<br>UNITED KINGDOM: 1186426<br>U.S.A.: EIN 93-4184602<\/p><\/div><\/div><\/div>\n<\/div>\n<\/div>\n<\/div>\n<\/div>\n\n\n\n<figure class=\"wp-block-image aligncenter size-full is-resized\" style=\"margin-top:var(--wp--preset--spacing--70);margin-bottom:var(--wp--preset--spacing--70)\"><img decoding=\"async\" width=\"103\" height=\"49\" src=\"https:\/\/donar.alandalusia.es\/wp-content\/uploads\/2026\/03\/grafico2.png\" alt=\"\" class=\"wp-image-15097\" style=\"aspect-ratio:2.1037867262237366;width:76px;height:auto\" srcset=\"https:\/\/donar.alandalusia.es\/wp-content\/uploads\/2026\/03\/grafico2.png 103w, https:\/\/donar.alandalusia.es\/wp-content\/uploads\/2026\/03\/grafico2-18x9.png 18w\" sizes=\"(max-width: 103px) 100vw, 103px\" \/><\/figure>\n\n\n\n<div class=\"wp-block-group alignwide has-global-padding is-layout-constrained wp-block-group-is-layout-constrained\">\n<div class=\"wp-block-essential-blocks-text  root-eb-text-8mxe6\" data-gsap=\"{&quot;enable&quot;:false,&quot;type&quot;:&quot;to&quot;,&quot;from&quot;:{&quot;opacity&quot;:0.5},&quot;enableScrollTrigger&quot;:true,&quot;to&quot;:{&quot;x&quot;:&quot;102px&quot;,&quot;opacity&quot;:0.4,&quot;rotation&quot;:-242},&quot;scrollTriggerPin&quot;:true,&quot;scrollTriggerMarker&quot;:true,&quot;scrollTriggerScrub&quot;:0.3}\"><div class=\"eb-parent-wrapper eb-parent-eb-text-8mxe6 eb_animation eb___animated eb___zoomIn\"><div class=\"eb-text-wrapper eb-text-8mxe6\" data-id=\"eb-text-8mxe6\"><p class=\"eb-text\">To thank you for your support and to encourage you to become part of our family, we would like to share with you some special gifts and privileges. Everyone who is part of the Al-Andalusia Family will have exclusive access to:<\/p><\/div><\/div><\/div>\n<\/div>\n\n\n\n<div class=\"wp-block-essential-blocks-accordion  root-eb-accordion-c1ca3\"><div class=\"eb-parent-wrapper eb-parent-eb-accordion-c1ca3\"><div class=\"eb-accordion-container eb-accordion-c1ca3\" data-accordion-type=\"accordion\" data-tab-icon=\"dashicons-plus-alt2\" data-expanded-icon=\"dashicons-minus\" data-transition-duration=\"500\"><div class=\"eb-accordion-inner\">\n<div class=\"wp-block-essential-blocks-accordion-item eb-accordion-item-7gl41 eb-accordion-wrapper\" data-clickable=\"true\"><div class=\"eb-accordion-title-wrapper eb-accordion-title-wrapper-eb-accordion-c1ca3\" tabindex=\"0\"><span class=\"eb-accordion-icon-wrapper eb-accordion-icon-wrapper-eb-accordion-c1ca3\"><span class=\"dashicon dashicons dashicons-plus-alt2 eb-accordion-icon\"><\/span><\/span><div class=\"eb-accordion-title-content-wrap title-content-eb-accordion-c1ca3\"><h3 class=\"eb-accordion-title\">Reporting our progress<\/h3><\/div><\/div><div class=\"eb-accordion-content-wrapper eb-accordion-content-wrapper-eb-accordion-c1ca3\"><div class=\"eb-accordion-content\">\n<div class=\"wp-block-essential-blocks-text  root-eb-text-awxol\"><div class=\"eb-parent-wrapper eb-parent-eb-text-awxol\"><div class=\"eb-text-wrapper eb-text-awxol\" data-id=\"eb-text-awxol\"><p class=\"eb-text\">Receive regular updates on Al-Andalusia's activities, projects and progress, so you can keep track of the impact of your support.<\/p><\/div><\/div><\/div>\n<\/div><\/div><\/div>\n\n\n\n<div class=\"wp-block-essential-blocks-accordion-item eb-accordion-item-vppyn eb-accordion-wrapper\" data-clickable=\"false\"><div class=\"eb-accordion-title-wrapper eb-accordion-title-wrapper-eb-accordion-c1ca3\" tabindex=\"0\"><span class=\"eb-accordion-icon-wrapper eb-accordion-icon-wrapper-eb-accordion-c1ca3\"><span class=\"dashicon dashicons dashicons-plus-alt2 eb-accordion-icon\"><\/span><\/span><div class=\"eb-accordion-title-content-wrap title-content-eb-accordion-c1ca3\"><h3 class=\"eb-accordion-title\">Virtual meetings with teachers<\/h3><\/div><\/div><div class=\"eb-accordion-content-wrapper eb-accordion-content-wrapper-eb-accordion-c1ca3\"><div class=\"eb-accordion-content\">\n<div class=\"wp-block-essential-blocks-text  root-eb-text-nh4ef\"><div class=\"eb-parent-wrapper eb-parent-eb-text-nh4ef\"><div class=\"eb-text-wrapper eb-text-nh4ef\" data-id=\"eb-text-nh4ef\"><p class=\"eb-text\">Access online meetings with guest lecturers and speakers where you can learn, ask questions and engage in enriching conversations.<\/p><\/div><\/div><\/div>\n<\/div><\/div><\/div>\n\n\n\n<div class=\"wp-block-essential-blocks-accordion-item eb-accordion-item-35m3t eb-accordion-wrapper\" data-clickable=\"false\"><div class=\"eb-accordion-title-wrapper eb-accordion-title-wrapper-eb-accordion-c1ca3\" tabindex=\"0\"><span class=\"eb-accordion-icon-wrapper eb-accordion-icon-wrapper-eb-accordion-c1ca3\"><span class=\"dashicon dashicons dashicons-plus-alt2 eb-accordion-icon\"><\/span><\/span><div class=\"eb-accordion-title-content-wrap title-content-eb-accordion-c1ca3\"><h3 class=\"eb-accordion-title\">Preference for face-to-face meetings and retreats<\/h3><\/div><\/div><div class=\"eb-accordion-content-wrapper eb-accordion-content-wrapper-eb-accordion-c1ca3\"><div class=\"eb-accordion-content\">\n<div class=\"wp-block-essential-blocks-text  root-eb-text-beqws\"><div class=\"eb-parent-wrapper eb-parent-eb-text-beqws\"><div class=\"eb-text-wrapper eb-text-beqws\" data-id=\"eb-text-beqws\"><p class=\"eb-text\">Enjoy priority access to our face-to-face meetings, retreats and special activities organised by Al-Andalusia.<\/p><\/div><\/div><\/div>\n<\/div><\/div><\/div>\n\n\n\n<div class=\"wp-block-essential-blocks-accordion-item eb-accordion-item-jd06j eb-accordion-wrapper\" data-clickable=\"false\"><div class=\"eb-accordion-title-wrapper eb-accordion-title-wrapper-eb-accordion-c1ca3\" tabindex=\"0\"><span class=\"eb-accordion-icon-wrapper eb-accordion-icon-wrapper-eb-accordion-c1ca3\"><span class=\"dashicon dashicons dashicons-plus-alt2 eb-accordion-icon\"><\/span><\/span><div class=\"eb-accordion-title-content-wrap title-content-eb-accordion-c1ca3\"><h3 class=\"eb-accordion-title\">Raffles<\/h3><\/div><\/div><div class=\"eb-accordion-content-wrapper eb-accordion-content-wrapper-eb-accordion-c1ca3\"><div class=\"eb-accordion-content\">\n<div class=\"wp-block-essential-blocks-text  root-eb-text-dpr71\"><div class=\"eb-parent-wrapper eb-parent-eb-text-dpr71\"><div class=\"eb-text-wrapper eb-text-dpr71\" data-id=\"eb-text-dpr71\"><p class=\"eb-text\">Participate in exclusive raffles with different prizes and surprises prepared for our community.<\/p><\/div><\/div><\/div>\n<\/div><\/div><\/div>\n\n\n\n<div class=\"wp-block-essential-blocks-accordion-item eb-accordion-item-c0tov eb-accordion-wrapper\" data-clickable=\"false\"><div class=\"eb-accordion-title-wrapper eb-accordion-title-wrapper-eb-accordion-c1ca3\" tabindex=\"0\"><span class=\"eb-accordion-icon-wrapper eb-accordion-icon-wrapper-eb-accordion-c1ca3\"><span class=\"dashicon dashicons dashicons-plus-alt2 eb-accordion-icon\"><\/span><\/span><div class=\"eb-accordion-title-content-wrap title-content-eb-accordion-c1ca3\"><h3 class=\"eb-accordion-title\">Discounts on our courses and articles<\/h3><\/div><\/div><div class=\"eb-accordion-content-wrapper eb-accordion-content-wrapper-eb-accordion-c1ca3\"><div class=\"eb-accordion-content\">\n<div class=\"wp-block-essential-blocks-text  root-eb-text-hpl7c\"><div class=\"eb-parent-wrapper eb-parent-eb-text-hpl7c\"><div class=\"eb-text-wrapper eb-text-hpl7c\" data-id=\"eb-text-hpl7c\"><p class=\"eb-text\">Get special discounts on courses, trainings and articles offered by Al-Andalusia.<\/p><\/div><\/div><\/div>\n<\/div><\/div><\/div>\n\n\n\n<div class=\"wp-block-essential-blocks-accordion-item eb-accordion-item-l9via eb-accordion-wrapper\" data-clickable=\"false\"><div class=\"eb-accordion-title-wrapper eb-accordion-title-wrapper-eb-accordion-c1ca3\" tabindex=\"0\"><span class=\"eb-accordion-icon-wrapper eb-accordion-icon-wrapper-eb-accordion-c1ca3\"><span class=\"dashicon dashicons dashicons-plus-alt2 eb-accordion-icon\"><\/span><\/span><div class=\"eb-accordion-title-content-wrap title-content-eb-accordion-c1ca3\"><h3 class=\"eb-accordion-title\">Decorative designs (pdf)<\/h3><\/div><\/div><div class=\"eb-accordion-content-wrapper eb-accordion-content-wrapper-eb-accordion-c1ca3\"><div class=\"eb-accordion-content\">\n<div class=\"wp-block-essential-blocks-text  root-eb-text-3xc8g\"><div class=\"eb-parent-wrapper eb-parent-eb-text-3xc8g\"><div class=\"eb-text-wrapper eb-text-3xc8g\" data-id=\"eb-text-3xc8g\"><p class=\"eb-text\">Access downloadable decorative designs in PDF format, inspired by Islamic values and aesthetics, ideal for printing and use at home.<\/p><\/div><\/div><\/div>\n<\/div><\/div><\/div>\n\n\n\n<div class=\"wp-block-essential-blocks-accordion-item eb-accordion-item-0a5mx eb-accordion-wrapper\" data-clickable=\"false\"><div class=\"eb-accordion-title-wrapper eb-accordion-title-wrapper-eb-accordion-c1ca3\" tabindex=\"0\"><span class=\"eb-accordion-icon-wrapper eb-accordion-icon-wrapper-eb-accordion-c1ca3\"><span class=\"dashicon dashicons dashicons-plus-alt2 eb-accordion-icon\"><\/span><\/span><div class=\"eb-accordion-title-content-wrap title-content-eb-accordion-c1ca3\"><h3 class=\"eb-accordion-title\">Exclusive news<\/h3><\/div><\/div><div class=\"eb-accordion-content-wrapper eb-accordion-content-wrapper-eb-accordion-c1ca3\"><div class=\"eb-accordion-content\">\n<div class=\"wp-block-essential-blocks-text  root-eb-text-szzxg\"><div class=\"eb-parent-wrapper eb-parent-eb-text-szzxg\"><div class=\"eb-text-wrapper eb-text-szzxg\" data-id=\"eb-text-szzxg\"><p class=\"eb-text\">Receive news and updates before anyone else about projects, events and new initiatives of the association.<\/p><\/div><\/div><\/div>\n<\/div><\/div><\/div>\n\n\n\n<div class=\"wp-block-essential-blocks-accordion-item eb-accordion-item-gw9ck eb-accordion-wrapper\" data-clickable=\"false\"><div class=\"eb-accordion-title-wrapper eb-accordion-title-wrapper-eb-accordion-c1ca3\" tabindex=\"0\"><span class=\"eb-accordion-icon-wrapper eb-accordion-icon-wrapper-eb-accordion-c1ca3\"><span class=\"dashicon dashicons dashicons-plus-alt2 eb-accordion-icon\"><\/span><\/span><div class=\"eb-accordion-title-content-wrap title-content-eb-accordion-c1ca3\"><h3 class=\"eb-accordion-title\">Al-Andalusia Family Telegram Channel<\/h3><\/div><\/div><div class=\"eb-accordion-content-wrapper eb-accordion-content-wrapper-eb-accordion-c1ca3\"><div class=\"eb-accordion-content\">\n<div class=\"wp-block-essential-blocks-text  root-eb-text-r202g\"><div class=\"eb-parent-wrapper eb-parent-eb-text-r202g\"><div class=\"eb-text-wrapper eb-text-r202g\" data-id=\"eb-text-r202g\"><p class=\"eb-text\">Become part of our private Telegram channel, a space to share content, reflections and stay connected with the community.<\/p><\/div><\/div><\/div>\n<\/div><\/div><\/div>\n\n\n\n<div class=\"wp-block-essential-blocks-accordion-item eb-accordion-item-j12za eb-accordion-wrapper\" data-clickable=\"false\"><div class=\"eb-accordion-title-wrapper eb-accordion-title-wrapper-eb-accordion-c1ca3\" tabindex=\"0\"><span class=\"eb-accordion-icon-wrapper eb-accordion-icon-wrapper-eb-accordion-c1ca3\"><span class=\"dashicon dashicons dashicons-plus-alt2 eb-accordion-icon\"><\/span><\/span><div class=\"eb-accordion-title-content-wrap title-content-eb-accordion-c1ca3\"><h3 class=\"eb-accordion-title\">Exclusive e-mail address to contact us<\/h3><\/div><\/div><div class=\"eb-accordion-content-wrapper eb-accordion-content-wrapper-eb-accordion-c1ca3\"><div class=\"eb-accordion-content\">\n<div class=\"wp-block-essential-blocks-text  root-eb-text-fm4bn\"><div class=\"eb-parent-wrapper eb-parent-eb-text-fm4bn\"><div class=\"eb-text-wrapper eb-text-fm4bn\" data-id=\"eb-text-fm4bn\"><p class=\"eb-text\">You will have an exclusive e-mail address to communicate directly with the Al-Andalusia team and resolve any doubts or queries.<\/p><\/div><\/div><\/div>\n<\/div><\/div><\/div>\n<\/div><\/div><\/div><\/div>\n\n\n\n<div class=\"wp-block-group alignfull has-global-padding is-layout-constrained wp-block-group-is-layout-constrained\" style=\"margin-top:var(--wp--preset--spacing--55);margin-bottom:0\">\n<div class=\"wp-block-essential-blocks-text  root-eb-text-h19vz\"><div class=\"eb-parent-wrapper eb-parent-eb-text-h19vz\"><div class=\"eb-text-wrapper eb-text-h19vz\" data-id=\"eb-text-h19vz\"><p class=\"eb-text\">In addition, depending on your monthly contribution you will have access to:<\/p><\/div><\/div><\/div>\n\n\n\n<div class=\"wp-block-columns alignfull is-layout-flex wp-container-core-columns-is-layout-e9333f94 wp-block-columns-is-layout-flex\" style=\"margin-top:var(--wp--preset--spacing--60);margin-bottom:var(--wp--preset--spacing--40);padding-top:0;padding-bottom:0\">\n<div class=\"wp-block-column is-layout-flow wp-block-column-is-layout-flow\">\n<div class=\"wp-block-essential-blocks-pricing-table  root-eb-pricing-iqk68\"><div class=\"eb-parent-wrapper eb-parent-eb-pricing-iqk68\"><div class=\"eb-pricing-iqk68 eb-pricing-wrapper eb-pricing-content-center\"><div class=\"eb-pricing style-1\"><div class=\"eb-pricing-item featured ribbon-1 top\"><div class=\"eb-pricing-item-overlay\"><\/div><div class=\"eb-pricing-header\"><h3 class=\"eb-pricing-title\">Seed<\/h3><\/div><div class=\"eb-pricing-tag\"><span class=\"price-tag\"><span class=\"original-price\" data-price=\"10\u20ac\"><span class=\"price-currency\"><\/span>10\u20ac<\/span><\/span><span class=\"price-period\" data-period-separator=\"\/\" data-price-period=\"mes\">\/ month<\/span><\/div><div class=\"eb-pricing-body\"><ul class=\"eb-pricebox-features no-border\"><li class=\"eb-pricebox-feature-item\" data-icon=\"fas fa-check\" data-color=\"var(--eb-global-primary-color)\" data-clickable=\"false\" data-link=\"\"><i class=\"fas fa-check eb-pricebox-icon\" icon=\"fas fa-check\" style=\"color:var(--eb-global-primary-color)\"><\/i><span class=\"eb-pricebox-feature-text\">Welcome Card signed by the founder<\/span><\/li><li class=\"eb-pricebox-feature-item\" data-icon=\"fas fa-check\" data-color=\"var(--eb-global-primary-color)\"><i class=\"fas fa-check eb-pricebox-icon\" icon=\"fas fa-check\" style=\"color:var(--eb-global-primary-color)\"><\/i><span class=\"eb-pricebox-feature-text\">Al-Andalusia Family T-shirt<\/span><\/li><\/ul><\/div><\/div><\/div><\/div><\/div><\/div>\n<\/div>\n\n\n\n<div class=\"wp-block-column is-layout-flow wp-block-column-is-layout-flow\">\n<div class=\"wp-block-essential-blocks-pricing-table  root-eb-pricing-vtlx0\"><div class=\"eb-parent-wrapper eb-parent-eb-pricing-vtlx0\"><div class=\"eb-pricing-vtlx0 eb-pricing-wrapper eb-pricing-content-center\"><div class=\"eb-pricing style-1\"><div class=\"eb-pricing-item featured ribbon-1 top\"><div class=\"eb-pricing-item-overlay\"><\/div><div class=\"eb-pricing-header\"><h3 class=\"eb-pricing-title\">Impulse<\/h3><\/div><div class=\"eb-pricing-tag\"><span class=\"price-tag\"><span class=\"original-price\" data-price=\"15\u20ac\"><span class=\"price-currency\"><\/span>15\u20ac<\/span><\/span><span class=\"price-period\" data-period-separator=\"\/\" data-price-period=\"mes\">\/ month<\/span><\/div><div class=\"eb-pricing-body\"><ul class=\"eb-pricebox-features no-border\"><li class=\"eb-pricebox-feature-item\" data-icon=\"fas fa-check\" data-color=\"var(--eb-global-primary-color)\" data-clickable=\"false\" data-link=\"\"><i class=\"fas fa-check eb-pricebox-icon\" icon=\"fas fa-check\" style=\"color:var(--eb-global-primary-color)\"><\/i><span class=\"eb-pricebox-feature-text\">All of the above<\/span><\/li><li class=\"eb-pricebox-feature-item\" data-icon=\"fas fa-check\" data-color=\"var(--eb-global-primary-color)\"><i class=\"fas fa-check eb-pricebox-icon\" icon=\"fas fa-check\" style=\"color:var(--eb-global-primary-color)\"><\/i><span class=\"eb-pricebox-feature-text\">Access to exclusive classes with our teachers<\/span><\/li><\/ul><\/div><\/div><\/div><\/div><\/div><\/div>\n<\/div>\n\n\n\n<div class=\"wp-block-column is-layout-flow wp-block-column-is-layout-flow\">\n<div class=\"wp-block-essential-blocks-pricing-table  root-eb-pricing-l8g3a\"><div class=\"eb-parent-wrapper eb-parent-eb-pricing-l8g3a\"><div class=\"eb-pricing-l8g3a eb-pricing-wrapper eb-pricing-content-center\"><div class=\"eb-pricing style-1\"><div class=\"eb-pricing-item featured ribbon-1 top\"><div class=\"eb-pricing-item-overlay\"><\/div><div class=\"eb-pricing-header\"><h3 class=\"eb-pricing-title\">Impulse+<\/h3><\/div><div class=\"eb-pricing-tag\"><span class=\"price-tag\"><span class=\"original-price\" data-price=\"25\u20ac\"><span class=\"price-currency\"><\/span>25\u20ac<\/span><\/span><span class=\"price-period\" data-period-separator=\"\/\" data-price-period=\"mes\">\/ month<\/span><\/div><div class=\"eb-pricing-body\"><ul class=\"eb-pricebox-features no-border\"><li class=\"eb-pricebox-feature-item\" data-icon=\"fas fa-check\" data-color=\"var(--eb-global-primary-color)\" data-clickable=\"false\" data-link=\"\"><i class=\"fas fa-check eb-pricebox-icon\" icon=\"fas fa-check\" style=\"color:var(--eb-global-primary-color)\"><\/i><span class=\"eb-pricebox-feature-text\">All of the above<\/span><\/li><li class=\"eb-pricebox-feature-item\" data-icon=\"fas fa-check\" data-color=\"var(--eb-global-primary-color)\"><i class=\"fas fa-check eb-pricebox-icon\" icon=\"fas fa-check\" style=\"color:var(--eb-global-primary-color)\"><\/i><span class=\"eb-pricebox-feature-text\">Exclusive trips with our teachers<\/span><\/li><\/ul><\/div><\/div><\/div><\/div><\/div><\/div>\n<\/div>\n<\/div>\n\n\n\n<div class=\"wp-block-columns alignfull is-layout-flex wp-container-core-columns-is-layout-28f84493 wp-block-columns-is-layout-flex\">\n<div class=\"wp-block-column is-layout-flow wp-block-column-is-layout-flow\">\n<div class=\"wp-block-essential-blocks-pricing-table  root-eb-pricing-udvmy\"><div class=\"eb-parent-wrapper eb-parent-eb-pricing-udvmy\"><div class=\"eb-pricing-udvmy eb-pricing-wrapper eb-pricing-content-center\"><div class=\"eb-pricing style-1\"><div class=\"eb-pricing-item featured ribbon-1 top\"><div class=\"eb-pricing-item-overlay\"><\/div><div class=\"eb-pricing-header\"><h3 class=\"eb-pricing-title\">Solidary<\/h3><\/div><div class=\"eb-pricing-tag\"><span class=\"price-tag\"><span class=\"original-price\" data-price=\"50\u20ac\"><span class=\"price-currency\"><\/span>50\u20ac<\/span><\/span><span class=\"price-period\" data-period-separator=\"\/\" data-price-period=\"mes\">\/ month<\/span><\/div><div class=\"eb-pricing-body\"><ul class=\"eb-pricebox-features no-border\"><li class=\"eb-pricebox-feature-item\" data-icon=\"fas fa-check\" data-color=\"var(--eb-global-primary-color)\" data-clickable=\"false\" data-link=\"\"><i class=\"fas fa-check eb-pricebox-icon\" icon=\"fas fa-check\" style=\"color:var(--eb-global-primary-color)\"><\/i><span class=\"eb-pricebox-feature-text\">All of the above<\/span><\/li><li class=\"eb-pricebox-feature-item\" data-icon=\"fas fa-check\" data-color=\"var(--eb-global-primary-color)\"><i class=\"fas fa-check eb-pricebox-icon\" icon=\"fas fa-check\" style=\"color:var(--eb-global-primary-color)\"><\/i><span class=\"eb-pricebox-feature-text\">Exclusive gift for Umrah and Ramadan<\/span><\/li><\/ul><\/div><\/div><\/div><\/div><\/div><\/div>\n<\/div>\n\n\n\n<div class=\"wp-block-column is-layout-flow wp-block-column-is-layout-flow\">\n<div class=\"wp-block-essential-blocks-pricing-table  root-eb-pricing-f22hr\"><div class=\"eb-parent-wrapper eb-parent-eb-pricing-f22hr\"><div class=\"eb-pricing-f22hr eb-pricing-wrapper eb-pricing-content-center\"><div class=\"eb-pricing style-1\"><div class=\"eb-pricing-item featured ribbon-1 top\"><div class=\"eb-pricing-item-overlay\"><\/div><div class=\"eb-pricing-header\"><h3 class=\"eb-pricing-title\">Solidary+<\/h3><\/div><div class=\"eb-pricing-tag\"><span class=\"price-tag\"><span class=\"original-price\" data-price=\"75\u20ac\"><span class=\"price-currency\"><\/span>75\u20ac<\/span><\/span><span class=\"price-period\" data-period-separator=\"\/\" data-price-period=\"mes\">\/ month<\/span><\/div><div class=\"eb-pricing-body\"><ul class=\"eb-pricebox-features no-border\"><li class=\"eb-pricebox-feature-item\" data-icon=\"fas fa-check\" data-color=\"var(--eb-global-primary-color)\" data-clickable=\"false\" data-link=\"\"><i class=\"fas fa-check eb-pricebox-icon\" icon=\"fas fa-check\" style=\"color:var(--eb-global-primary-color)\"><\/i><span class=\"eb-pricebox-feature-text\">All of the above<\/span><\/li><li class=\"eb-pricebox-feature-item\" data-icon=\"fas fa-check\" data-color=\"var(--eb-global-primary-color)\"><i class=\"fas fa-check eb-pricebox-icon\" icon=\"fas fa-check\" style=\"color:var(--eb-global-primary-color)\"><\/i><span class=\"eb-pricebox-feature-text\">Exclusive dinner with teachers<\/span><\/li><\/ul><\/div><\/div><\/div><\/div><\/div><\/div>\n<\/div>\n<\/div>\n\n\n\n<div class=\"wp-block-group has-global-padding is-layout-constrained wp-block-group-is-layout-constrained\" style=\"margin-top:var(--wp--preset--spacing--55);margin-bottom:var(--wp--preset--spacing--55)\">\n<p class=\"has-primary-color has-text-color has-link-color wp-elements-1da6aeb26b00eab639659682e05047cd\" style=\"font-style:italic;font-weight:400\">The Al-Andalusia family t-shirt will be sent three months after the first donation.<\/p>\n<\/div>\n<\/div>\n\n\n\n<div class=\"wp-block-group alignfull is-content-justification-center is-nowrap is-layout-flex wp-container-core-group-is-layout-23441af8 wp-block-group-is-layout-flex\" id=\"donar\"><\/div>\n\n\n<div class='root-data-givewp-embed' data-form-locale='en_GB' data-form-url='https:\/\/donar.alandalusia.es\/?post_type=give_forms&#038;p=14309' data-form-view-url='https:\/\/donar.alandalusia.es\/en\/?givewp-route=donation-form-view&#038;form-id=14309' data-src='https:\/\/donar.alandalusia.es\/en\/?givewp-route=donation-form-view&#038;form-id=14309' data-givewp-embed-id='give-form-shortcode-1' data-form-format='onpage' data-open-form-button='Dona Ahora' style='--givewp-primary-color: #377f71; --givewp-secondary-color: #dbc000;'><\/div>","protected":false},"excerpt":{"rendered":"<p>Familia Al-Andalusia \u00danete a la Familia Ay\u00fadanos con una donaci\u00f3n mensual y forma parte de la Familia Al-Andalusia. N\u00famero de organizaci\u00f3n ben\u00e9fica registrada La camiseta de la familia Al-Andalusia ser\u00e1 enviada pasados tres meses desde la primera donaci\u00f3n.<\/p>","protected":false},"author":539,"featured_media":0,"parent":0,"menu_order":0,"comment_status":"closed","ping_status":"closed","template":"","meta":{"give_campaign_id":0,"_eb_attr":"","_eb_data_table":"","footnotes":""},"class_list":["post-228","page","type-page","status-publish","hentry"],"campaignId":"0","_links":{"self":[{"href":"https:\/\/donar.alandalusia.es\/en\/wp-json\/wp\/v2\/pages\/228","targetHints":{"allow":["GET"]}}],"collection":[{"href":"https:\/\/donar.alandalusia.es\/en\/wp-json\/wp\/v2\/pages"}],"about":[{"href":"https:\/\/donar.alandalusia.es\/en\/wp-json\/wp\/v2\/types\/page"}],"author":[{"embeddable":true,"href":"https:\/\/donar.alandalusia.es\/en\/wp-json\/wp\/v2\/users\/539"}],"replies":[{"embeddable":true,"href":"https:\/\/donar.alandalusia.es\/en\/wp-json\/wp\/v2\/comments?post=228"}],"version-history":[{"count":0,"href":"https:\/\/donar.alandalusia.es\/en\/wp-json\/wp\/v2\/pages\/228\/revisions"}],"wp:attachment":[{"href":"https:\/\/donar.alandalusia.es\/en\/wp-json\/wp\/v2\/media?parent=228"}],"curies":[{"name":"wp","href":"https:\/\/api.w.org\/{rel}","templated":true}]}}