{"id":286,"date":"2026-03-14T19:45:45","date_gmt":"2026-03-14T19:45:45","guid":{"rendered":"https:\/\/donar.alandalusia.org\/about\/"},"modified":"2026-03-17T07:46:13","modified_gmt":"2026-03-17T07:46:13","slug":"funds","status":"publish","type":"page","link":"https:\/\/donar.alandalusia.es\/en\/funds\/","title":{"rendered":"Funds"},"content":{"rendered":"<div class=\"wp-block-group alignfull is-style-default has-tertiary-background-color has-background has-global-padding is-layout-constrained wp-container-core-group-is-layout-ce6b4bc3 wp-block-group-is-layout-constrained\" style=\"margin-top:0;margin-bottom:var(--wp--preset--spacing--70);padding-top:var(--wp--preset--spacing--70);padding-bottom:var(--wp--preset--spacing--70);background-image:url(&#039;https:\/\/donar.alandalusia.es\/wp-content\/uploads\/2026\/03\/beautiful-young-couple-writing-notebook-sitting-couck-home-arab-girl-wearing-black-hidjab-scaled_overlay.jpg&#039;);background-position:56.00000000000001% 31%;background-size:cover;background-attachment:scroll;\">\n<h2 class=\"wp-block-heading has-text-align-center headingwithshadow has-background-color has-text-color has-link-color wp-elements-62664982e1fd4c5d7898d3957afc8d5c\" style=\"border-style:none;border-width:0px;margin-top:0px;margin-bottom:1rem\">Funds<\/h2>\n<\/div>\n\n\n\n<div class=\"wp-block-group alignfull has-global-padding is-layout-constrained wp-container-core-group-is-layout-ace15096 wp-block-group-is-layout-constrained\" style=\"padding-top:0;padding-bottom:0\">\n<div class=\"wp-block-columns alignwide is-layout-flex wp-container-core-columns-is-layout-28f84493 wp-block-columns-is-layout-flex\">\n<div class=\"wp-block-column is-layout-flow wp-block-column-is-layout-flow\" style=\"padding-right:var(--wp--preset--spacing--30);padding-left:var(--wp--preset--spacing--30)\">\n<h2 class=\"wp-block-heading has-text-align-center has-foreground-color has-text-color has-link-color wp-elements-443927616c2a3b7f8541c0488d2dffec\" style=\"margin-top:0px;margin-bottom:1rem\">What funds are the donations allocated to?<\/h2>\n\n\n\n<div class=\"wp-block-essential-blocks-text  root-eb-text-iptnn\"><div class=\"eb-parent-wrapper eb-parent-eb-text-iptnn\"><div class=\"eb-text-wrapper eb-text-iptnn\" data-id=\"eb-text-iptnn\"><p class=\"eb-text\">The donations we receive in Al-Andalusia are allocated to various funds created to support educational and community projects inspired by Islamic values. Through these funds, we aim to facilitate access to knowledge, support students, and strengthen the development of Islamic higher education that benefits our community.<\/p><\/div><\/div><\/div>\n\n\n\n<p class=\"has-text-align-center has-foreground-color has-text-color has-link-color wp-elements-72986f2c5a03bb9b11798470fd583bed\"><strong>Help us with a monthly donation and choose the fund you want to support.<\/strong><\/p>\n\n\n\n<div class=\"wp-block-essential-blocks-accordion  root-eb-accordion-c1ca3\"><div class=\"eb-parent-wrapper eb-parent-eb-accordion-c1ca3\"><div class=\"eb-accordion-container eb-accordion-c1ca3\" data-accordion-type=\"accordion\" data-tab-icon=\"dashicons-plus-alt2\" data-expanded-icon=\"dashicons-minus\" data-transition-duration=\"500\"><div class=\"eb-accordion-inner\">\n<div class=\"wp-block-essential-blocks-accordion-item eb-accordion-item-7gl41 eb-accordion-wrapper\" data-clickable=\"true\"><div class=\"eb-accordion-title-wrapper eb-accordion-title-wrapper-eb-accordion-c1ca3\" tabindex=\"0\"><span class=\"eb-accordion-icon-wrapper eb-accordion-icon-wrapper-eb-accordion-c1ca3\"><span class=\"dashicon dashicons dashicons-plus-alt2 eb-accordion-icon\"><\/span><\/span><div class=\"eb-accordion-title-content-wrap title-content-eb-accordion-c1ca3\"><h3 class=\"eb-accordion-title\">General Fund<\/h3><\/div><\/div><div class=\"eb-accordion-content-wrapper eb-accordion-content-wrapper-eb-accordion-c1ca3\"><div class=\"eb-accordion-content\">\n<div class=\"wp-block-essential-blocks-text  root-eb-text-awxol\"><div class=\"eb-parent-wrapper eb-parent-eb-text-awxol\"><div class=\"eb-text-wrapper eb-text-awxol\" data-id=\"eb-text-awxol\"><p class=\"eb-text\">This fund directly supports our goals, projects and academic and dawah programmes. It is the fund that benefits us the most, as we can use your donations where they are most needed. With this fund we finance all our funds and campaigns.<\/p><\/div><\/div><\/div>\n<\/div><\/div><\/div>\n\n\n\n<div class=\"wp-block-essential-blocks-accordion-item eb-accordion-item-sbebj eb-accordion-wrapper\" data-clickable=\"false\"><div class=\"eb-accordion-title-wrapper eb-accordion-title-wrapper-eb-accordion-c1ca3\" tabindex=\"0\"><span class=\"eb-accordion-icon-wrapper eb-accordion-icon-wrapper-eb-accordion-c1ca3\"><span class=\"dashicon dashicons dashicons-plus-alt2 eb-accordion-icon\"><\/span><\/span><div class=\"eb-accordion-title-content-wrap title-content-eb-accordion-c1ca3\"><h3 class=\"eb-accordion-title\">Waqf Fund<\/h3><\/div><\/div><div class=\"eb-accordion-content-wrapper eb-accordion-content-wrapper-eb-accordion-c1ca3\"><div class=\"eb-accordion-content\">\n<div class=\"wp-block-essential-blocks-text  root-eb-text-682v7\"><div class=\"eb-parent-wrapper eb-parent-eb-text-682v7\"><div class=\"eb-text-wrapper eb-text-682v7\" data-id=\"eb-text-682v7\"><p class=\"eb-text\">This fund is used for projects related to the expansion, renovation, and maintenance of facilities. With donations to this fund, we are currently building the Al-Andalusia Institute, the first institution in Spain to train teachers, imams, murshidas, and ulema in both Spanish and Arabic.<\/p><\/div><\/div><\/div>\n<\/div><\/div><\/div>\n\n\n\n<div class=\"wp-block-essential-blocks-accordion-item eb-accordion-item-i8qf9 eb-accordion-wrapper\" data-clickable=\"false\"><div class=\"eb-accordion-title-wrapper eb-accordion-title-wrapper-eb-accordion-c1ca3\" tabindex=\"0\"><span class=\"eb-accordion-icon-wrapper eb-accordion-icon-wrapper-eb-accordion-c1ca3\"><span class=\"dashicon dashicons dashicons-plus-alt2 eb-accordion-icon\"><\/span><\/span><div class=\"eb-accordion-title-content-wrap title-content-eb-accordion-c1ca3\"><h3 class=\"eb-accordion-title\">Scholarship Fund<\/h3><\/div><\/div><div class=\"eb-accordion-content-wrapper eb-accordion-content-wrapper-eb-accordion-c1ca3\"><div class=\"eb-accordion-content\">\n<div class=\"wp-block-essential-blocks-text  root-eb-text-dn5hg\"><div class=\"eb-parent-wrapper eb-parent-eb-text-dn5hg\"><div class=\"eb-text-wrapper eb-text-dn5hg\" data-id=\"eb-text-dn5hg\"><p class=\"eb-text\">This fund serves as the basis for our merit aid programme; academically eligible students can apply each academic year for partial or full scholarships, which will be awarded on the basis of the student's commitment and grades.<br><br>Currently, a year of study at the Institute costs \u20ac490 per student. Our scholarships are specifically for students and individuals living in Latin America. The cost of a year at the Academy is \u20ac290, which is intended for families who cannot afford their children's tuition fees.<\/p><\/div><\/div><\/div>\n<\/div><\/div><\/div>\n\n\n\n<div class=\"wp-block-essential-blocks-accordion-item eb-accordion-item-js68k eb-accordion-wrapper\" data-clickable=\"false\"><div class=\"eb-accordion-title-wrapper eb-accordion-title-wrapper-eb-accordion-c1ca3\" tabindex=\"0\"><span class=\"eb-accordion-icon-wrapper eb-accordion-icon-wrapper-eb-accordion-c1ca3\"><span class=\"dashicon dashicons dashicons-plus-alt2 eb-accordion-icon\"><\/span><\/span><div class=\"eb-accordion-title-content-wrap title-content-eb-accordion-c1ca3\"><h3 class=\"eb-accordion-title\">Zakat Fund<\/h3><\/div><\/div><div class=\"eb-accordion-content-wrapper eb-accordion-content-wrapper-eb-accordion-c1ca3\"><div class=\"eb-accordion-content\">\n<div class=\"wp-block-essential-blocks-text  root-eb-text-r3fwe\"><div class=\"eb-parent-wrapper eb-parent-eb-text-r3fwe\"><div class=\"eb-text-wrapper eb-text-r3fwe\" data-id=\"eb-text-r3fwe\"><p class=\"eb-text\">Este fondo sirve como base de nuestro programa de ayuda financiera y se utiliza para cubrir el costo total de la educaci\u00f3n de un estudiante elegible para el zakat.<\/p><\/div><\/div><\/div>\n<\/div><\/div><\/div>\n<\/div><\/div><\/div><\/div>\n\n\n\n<div class=\"wp-block-group has-global-padding is-layout-constrained wp-block-group-is-layout-constrained\">\n<h6 class=\"wp-block-heading has-text-align-center has-primary-color has-text-color has-link-color wp-elements-562821e253ee8967c32c0cb33fd463af\"><strong>Registered charity number<\/strong><\/h6>\n\n\n\n<div class=\"wp-block-essential-blocks-text  root-eb-text-13cop\"><div class=\"eb-parent-wrapper eb-parent-eb-text-13cop\"><div class=\"eb-text-wrapper eb-text-13cop\" data-id=\"eb-text-13cop\"><p class=\"eb-text\">Spain: 17979<br>UNITED KINGDOM: 1186426<br>U.S.A.: EIN 93-4184602<\/p><\/div><\/div><\/div>\n<\/div>\n<\/div>\n<\/div>\n\n\n\n<figure class=\"wp-block-image aligncenter size-full is-resized\" style=\"margin-top:var(--wp--preset--spacing--70);margin-bottom:var(--wp--preset--spacing--70)\"><img decoding=\"async\" width=\"103\" height=\"49\" src=\"https:\/\/donar.alandalusia.es\/wp-content\/uploads\/2026\/03\/grafico2.png\" alt=\"\" class=\"wp-image-15097\" style=\"aspect-ratio:2.1037867262237366;width:76px;height:auto\" srcset=\"https:\/\/donar.alandalusia.es\/wp-content\/uploads\/2026\/03\/grafico2.png 103w, https:\/\/donar.alandalusia.es\/wp-content\/uploads\/2026\/03\/grafico2-18x9.png 18w\" sizes=\"(max-width: 103px) 100vw, 103px\" \/><\/figure>\n<\/div>\n\n\n\n<div class=\"wp-block-group alignfull has-background-color has-foreground-background-color has-text-color has-background is-layout-flow wp-block-group-is-layout-flow\" style=\"margin-top:var(--wp--preset--spacing--60);margin-bottom:var(--wp--preset--spacing--40);padding-top:var(--wp--preset--spacing--20);padding-bottom:var(--wp--preset--spacing--20)\">\n<div style=\"height:43px\" aria-hidden=\"true\" class=\"wp-block-spacer\"><\/div>\n\n\n\n<div class=\"wp-block-columns is-layout-flex wp-container-core-columns-is-layout-28f84493 wp-block-columns-is-layout-flex\">\n<div class=\"wp-block-column is-layout-flow wp-block-column-is-layout-flow\">\n<h2 class=\"wp-block-heading has-text-align-center\" id=\"schedule-a-visit\" style=\"font-size:clamp(32.969px, 2.061rem + ((1vw - 3.2px) * 2.712), 59px);px;line-height:1.15\"><strong>Al-Andalusia Family<\/strong><\/h2>\n\n\n\n<div class=\"wp-block-essential-blocks-text  root-eb-text-emcoj\"><div class=\"eb-parent-wrapper eb-parent-eb-text-emcoj\"><div class=\"eb-text-wrapper eb-text-emcoj\" data-id=\"eb-text-emcoj\"><p class=\"eb-text\">Become part of the Al-Andalusia Family by donating monthly and share in the blessings of every project we undertake, be it education, training, dawah or humanitarian aid. Your continued support helps us build future leaders and foster communities, while preserving the rich legacy of Al-Andalus. Join us on this ongoing journey of impact and growth, and let your monthly contribution become an ongoing source of reward for you and your loved ones.<\/p><\/div><\/div><\/div>\n\n\n\n<div class=\"wp-block-essential-blocks-button  root-eb-button-iqoa4\"><div class=\"eb-parent-wrapper eb-parent-eb-button-iqoa4\"><div class=\"eb-button-wrapper eb-button-alignment eb-button-iqoa4\"><div class=\"eb-button\"><div class=\"eb-button-inner-wrapper\"><a class=\"eb-button-anchor\" href=\"\/en\/alandalusiafamily\/\" rel=\"noopener\">Join Now!<\/a><\/div><\/div><\/div><\/div><\/div>\n<\/div>\n\n\n\n<div class=\"wp-block-column is-layout-flow wp-block-column-is-layout-flow\">\n<figure class=\"wp-block-embed is-type-video is-provider-youtube wp-block-embed-youtube wp-embed-aspect-16-9 wp-has-aspect-ratio\"><div class=\"wp-block-embed__wrapper\">\n<iframe title=\"Al-Andalusia Institute English Presentation | Sh. Mohammad Idrissi\" width=\"500\" height=\"281\" src=\"https:\/\/www.youtube.com\/embed\/jG63zm1MNrQ?feature=oembed\" frameborder=\"0\" allow=\"accelerometer; autoplay; clipboard-write; encrypted-media; gyroscope; picture-in-picture; web-share\" referrerpolicy=\"strict-origin-when-cross-origin\" allowfullscreen><\/iframe>\n<\/div><\/figure>\n<\/div>\n<\/div>\n\n\n\n<div style=\"height:64px\" aria-hidden=\"true\" class=\"wp-block-spacer\"><\/div>\n<\/div>","protected":false},"excerpt":{"rendered":"<p>Fondos \u00bfA qu\u00e9 fondos se destinan las donaciones? Ay\u00fadanos con una donaci\u00f3n mensual y elige el fondo al que quieres apoyar. N\u00famero de organizaci\u00f3n ben\u00e9fica registrada Familia Al-Andalusia<\/p>","protected":false},"author":539,"featured_media":0,"parent":0,"menu_order":0,"comment_status":"closed","ping_status":"closed","template":"","meta":{"give_campaign_id":0,"_eb_attr":"","_eb_data_table":"","footnotes":""},"class_list":["post-286","page","type-page","status-publish","hentry"],"campaignId":"0","_links":{"self":[{"href":"https:\/\/donar.alandalusia.es\/en\/wp-json\/wp\/v2\/pages\/286","targetHints":{"allow":["GET"]}}],"collection":[{"href":"https:\/\/donar.alandalusia.es\/en\/wp-json\/wp\/v2\/pages"}],"about":[{"href":"https:\/\/donar.alandalusia.es\/en\/wp-json\/wp\/v2\/types\/page"}],"author":[{"embeddable":true,"href":"https:\/\/donar.alandalusia.es\/en\/wp-json\/wp\/v2\/users\/539"}],"replies":[{"embeddable":true,"href":"https:\/\/donar.alandalusia.es\/en\/wp-json\/wp\/v2\/comments?post=286"}],"version-history":[{"count":0,"href":"https:\/\/donar.alandalusia.es\/en\/wp-json\/wp\/v2\/pages\/286\/revisions"}],"wp:attachment":[{"href":"https:\/\/donar.alandalusia.es\/en\/wp-json\/wp\/v2\/media?parent=286"}],"curies":[{"name":"wp","href":"https:\/\/api.w.org\/{rel}","templated":true}]}}