{"id":14142,"date":"2025-05-01T09:15:53","date_gmt":"2025-05-01T09:15:53","guid":{"rendered":"https:\/\/donate.alandalusia.org\/?page_id=14142"},"modified":"2025-07-17T19:53:55","modified_gmt":"2025-07-17T19:53:55","slug":"usa","status":"publish","type":"page","link":"https:\/\/donar.alandalusia.es\/fr\/usa\/","title":{"rendered":"Al-Andalusia USA"},"content":{"rendered":"<h1>Faire revivre un h\u00e9ritage en or, donner du pouvoir aux g\u00e9n\u00e9rations<\/h1>\n<p>We are on a mission to secure and renovate a historic 115-year-old Andalusian Alquer\u00eda &#8211; Cortijo in Seville, transforming it into a dynamic <strong>campus for The Islamic University of Spain<\/strong>, where students can live, learn, and connect with nature. Your support will help us complete the purchase before Ramadan 2025, ensuring that this unique legacy stands as a beacon of learning, spiritual growth, and intercultural understanding for generations to come. By donating today, you become part of history, safeguarding a cherished heritage and educating future leaders of the Islamic world.<\/p>\n<p>https:\/\/youtu.be\/DdEPzD3f7V4<br \/>\n\t\t\t\t\t\t\t\t\t\t\t\t<a tabindex=\"0\">Collecte de fonds urgente pour<\/a><\/p>\n<p>We are on a mission to secure and renovate a historic 115-year-old Andalusian Alquer\u00eda &#8211; Cortijo in Seville, transforming it into a dynamic campus where students can live, learn, and connect with nature. Your support will help us complete the purchase before Ramadan 2025\u2014ensuring that this unique legacy stands as a beacon of learning, spiritual growth, and intercultural understanding for generations to come. By donating today, you become part of history, safeguarding a cherished heritage and educating future leaders of the Islamic world.<\/p>\n<p>C'est l'occasion pour vous d'aider <strong>faire revivre l'h\u00e9ritage du savoir islamique en Espagne<\/strong>L'Europe est un pays qui a connu l'\u00e2ge d'or de l'islam. En contribuant \u00e0 cette <strong>Projet Waqf<\/strong>vous et vos proches participez \u00e0 un effort intemporel de pr\u00e9servation et de partage de ce patrimoine pour les g\u00e9n\u00e9rations \u00e0 venir. Chaque don, et chaque partage sur les m\u00e9dias sociaux, multiplie votre r\u00e9compense - quiconque fait un don gr\u00e2ce \u00e0 vous ajoute \u00e0 la b\u00e9n\u00e9diction. Nous prions Allah de vous accorder le meilleur dans cette vie et dans l'au-del\u00e0. N'oubliez pas de vous souvenir de nous dans vos pri\u00e8res.<\/p>\n<p>\t\t\t\t\t\t\t\t\t\t\t\t<a tabindex=\"0\">Histoire et r\u00e9alisations<\/a><\/p>\n<p>Depuis sa cr\u00e9ation en 2013 par le cheikh Mohammad Idrissi, Al-Andalusia est pass\u00e9e d'une petite acad\u00e9mie \u00e0 une institution pionni\u00e8re comptant plus de 600 \u00e9tudiants dans 22 pays.<\/p>\n<p>Nous avons sign\u00e9 un accord avec l'Universit\u00e9 islamique internationale de Malaisie pour la reconnaissance de notre structure acad\u00e9mique.<\/p>\n<p>We are the first and leading institution offering higher studies in Spanish and Arabic, training Islamic religion teachers, imams, murshidat (female spiritual guides), and ulemas, empowering communities worldwide to lead by example and to preserve and spread the rich legacy of Islam and Al-Andalus, fostering a diverse and multicultural learning environment.<\/p>\n<p>\t\t\t\t\t\t\t\t\t\t\t\t<a tabindex=\"0\">Programmes acad\u00e9miques<\/a><\/p>\n<p>Nous d\u00e9livrons des dipl\u00f4mes, des licences et des ma\u00eetrises en sciences islamiques, en combinant les connaissances traditionnelles avec l'enseignement moderne. Nos \u00e9tudiants deviennent des imams, des murshidat (guides spirituels f\u00e9minins), des \u00e9ducateurs et des responsables communautaires, apportant des enseignements islamiques authentiques aux soci\u00e9t\u00e9s hispanophones du monde entier. Chaque programme est con\u00e7u pour favoriser la compr\u00e9hension, le respect et la renaissance d'un h\u00e9ritage qui nous unit tous.<\/p>\n<ul>\n<li>Dipl\u00f4me en \u00e9tudes islamiques essentielles : un programme fondamental qui introduit les principes et les connaissances islamiques de base.<\/li>\n<li>Dipl\u00f4me sup\u00e9rieur de formation \u00e0 l'\u00e9ducation islamique : pr\u00e9parer les \u00e9ducateurs \u00e0 enseigner efficacement la religion et les valeurs islamiques.<\/li>\n<li>Licence en sciences islamiques et en th\u00e9ologie : un dipl\u00f4me complet qui permet aux \u00e9tudiants de devenir imams et murshidat.<\/li>\n<li>Master en sciences islamiques et th\u00e9ologie : \u00e9tudes avanc\u00e9es pour ceux qui aspirent \u00e0 devenir des oul\u00e9mas, les \u00e9rudits et les ma\u00eetres \u00e0 penser de la communaut\u00e9 musulmane.<\/li>\n<\/ul>\n<p>\t\t\t\t\t\t\t\t\t\t\t\t<a tabindex=\"0\">A quels fonds vos dons sont-ils affect\u00e9s ?<\/a><\/p>\n<h6>Fonds g\u00e9n\u00e9raux :<\/h6>\n<p>Ce fonds soutient directement nos objectifs, projets et programmes acad\u00e9miques et de dawah. C'est le fonds qui nous profite le plus, car il nous permet d'utiliser vos dons l\u00e0 o\u00f9 ils sont le plus n\u00e9cessaires. C'est \u00e0 partir de ce fonds que nous soutenons tous nos fonds et campagnes.<\/p>\n<h6>Fonds Waqf :<\/h6>\n<p>Ce fonds est r\u00e9serv\u00e9 aux projets li\u00e9s \u00e0 l'expansion, \u00e0 la r\u00e9novation et \u00e0 l'entretien des installations. Gr\u00e2ce aux dons allou\u00e9s \u00e0 ce fonds, nous construisons actuellement le campus de l'Universit\u00e9 islamique d'Espagne Al-Andalusia.<\/p>\n<h6>Fonds de bourses d'\u00e9tudes :<\/h6>\n<p>Ce fonds sert de base \u00e0 notre programme d'aide au m\u00e9rite. Les \u00e9tudiants \u00e9ligibles sur le plan acad\u00e9mique peuvent demander chaque ann\u00e9e des bourses partielles ou compl\u00e8tes, qui seront attribu\u00e9es en fonction de l'engagement de l'\u00e9tudiant et de ses notes.<br \/>Actuellement, une ann\u00e9e d'\u00e9tudes co\u00fbte 490 euros pour un \u00e9tudiant de l'Institut sup\u00e9rieur. Nos bourses sont sp\u00e9cialement destin\u00e9es aux \u00e9tudiants et aux personnes vivant en Am\u00e9rique latine. Le co\u00fbt d'une ann\u00e9e d'\u00e9tudes \u00e0 l'Acad\u00e9mie est de 290 \u20ac. Cette somme est vers\u00e9e aux familles qui n'ont pas les moyens de payer les frais de scolarit\u00e9 de leurs enfants.<\/p>\n<h6>Fonds de la Zakat :<\/h6>\n<p>This fund serves as the foundation of our financial aid program and is used to cover the full cost of a zakat-eligible student&#8217;s education. <br \/>Actuellement, une ann\u00e9e d'\u00e9tudes co\u00fbte 490 euros pour un \u00e9tudiant de l'Institut sup\u00e9rieur. Le co\u00fbt d'une ann\u00e9e d'\u00e9tudes \u00e0 l'Acad\u00e9mie est de 290 \u20ac, somme qui est vers\u00e9e aux familles qui n'ont pas les moyens de payer les frais de scolarit\u00e9 de leurs enfants.<\/p>\n<p>\t\t\t\t\t\t\t\t\t\t\t\t<a tabindex=\"0\">Pourquoi faire un don ?<\/a><\/p>\n<p><a style=\"color: #23c6a3;\" href=\"https:\/\/donar.alandalusia.es\/fr\/why-donate\/\">Conna\u00eetre les 10 raisons de faire un don<\/a><\/p>\n<p>\t\t\t\t\t\t\t\t\t\t\t\t<a tabindex=\"0\">Ce don est-il d\u00e9ductible des imp\u00f4ts ?<\/a><\/p>\n<p>Al-Andalusia est une entit\u00e9 \u00e0 but non lucratif enregistr\u00e9e en Espagne, au Royaume-Uni et aux \u00c9tats-Unis, ce qui garantit que toutes les op\u00e9rations respectent des normes juridiques et \u00e9thiques strictes. En soutenant notre mission, vous pouvez avoir la certitude que vos contributions sont g\u00e9r\u00e9es de mani\u00e8re transparente et responsable.<\/p>\n<p>Num\u00e9ro d'organisme de bienfaisance enregistr\u00e9 :<\/p>\n<p>Espagne : 17979<br \/>UK : 1186426<br \/>USA:\u00a0EIN 93-4184602<\/p>\n<p>This page is for donors in the United States. <strong>We are a 501(c)(3) organization and your donations are eligible for tax deductibility<\/strong>.<\/p>\n<div class='root-data-givewp-embed' data-form-locale='fr_FR' data-form-url='https:\/\/donar.alandalusia.es\/?post_type=give_forms&#038;p=14155' data-form-view-url='https:\/\/donar.alandalusia.es\/fr\/?givewp-route=donation-form-view&form-id=14155' data-src='https:\/\/donar.alandalusia.es\/fr\/?givewp-route=donation-form-view&form-id=14155' data-givewp-embed-id='give-form-shortcode-1' data-form-format='' data-open-form-button='Donate now' style='--givewp-primary-color: #69b86b; --givewp-secondary-color: #f49420;'><\/div>\n<h1>Revive the Islamic knowledge in Spanish<\/h1>\n<p>We are inheritors to a tradition of hope, and therefore we trust that the world, as it has done for centuries, will once again recognize Muslims as a source of beneficial knowledge and service for all humanity. Our mission is none other than to commit ourselves to educate and train the leaders of tomorrow, offering an education based on Islamic and Western intellectual traditions, to begin transforming our world in the present, insha Allah. Support us in our projects with your donations, provide scholarships to our students and contributing to the Waqf of Al-Andalusia.<\/p>\n<p>\t\t\t\t\t\t\t\t\t\t\t\t<a tabindex=\"0\">Famille Al-Andalusia<\/a><\/p>\n<p>One person cannot do everything. In the same way that the Prophet Muhammad, s, needed his companions to carry out his mission, we need people who believe in our work and goals and accompany us in this mission, sharing the reward and hoping to receive the Allah&#8217;s pleasure&#8230; <a style=\"color: #23c6a3;\" href=\"https:\/\/donar.alandalusia.es\/fr\/alandalusiafamily\/\">read more<\/a><\/p>\n<p>\t\t\t\t\t\t\t\t\t\t\t\t<a tabindex=\"0\">A quels fonds vos dons sont-ils affect\u00e9s ?<\/a><\/p>\n<h6>Fonds g\u00e9n\u00e9raux :<\/h6>\n<p>Ce fonds soutient directement nos objectifs, projets et programmes acad\u00e9miques et de dawah. C'est le fonds qui nous profite le plus, car il nous permet d'utiliser vos dons l\u00e0 o\u00f9 ils sont le plus n\u00e9cessaires. C'est \u00e0 partir de ce fonds que nous soutenons tous nos fonds et campagnes.<\/p>\n<h6>Fonds Waqf :<\/h6>\n<p>This fund is restricted to projects related to the expansion, renovation and maintenance of facilities. With the donations allocated to this fund we are currently building the Al-Andalusia Institute, the first institution in Spain that trains teachers, imams, murshidas and ulamas, in Spanish and Arabic.<\/p>\n<h6>Fonds de bourses d'\u00e9tudes :<\/h6>\n<p>Ce fonds sert de base \u00e0 notre programme d'aide au m\u00e9rite. Les \u00e9tudiants \u00e9ligibles sur le plan acad\u00e9mique peuvent demander chaque ann\u00e9e des bourses partielles ou compl\u00e8tes, qui seront attribu\u00e9es en fonction de l'engagement de l'\u00e9tudiant et de ses notes.<br \/>Currently, a studying year costs \u20ac490 for a student at the Institute. Our scholarships are especially intended for students and people living in Latin America. The cost for a year at the Academy is 290\u20ac, which is given to those families who can\u2019t afford paying fees for their children.<\/p>\n<h6>Fonds de la Zakat :<\/h6>\n<p>This fund serves as the foundation of our financial aid program and is used to cover the full cost of a zakat-eligible student&#8217;s education. <br \/>Currently, a studying year costs \u20ac490 for a student at the Institute. The cost for a year at the Academy is 290\u20ac, which is given to those families who can\u2019t afford paying fees for their children.<\/p>\n<p>\t\t\t\t\t\t\t\t\t\t\t\t<a tabindex=\"0\">Pourquoi faire un don ?<\/a><\/p>\n<p><a style=\"color: #23c6a3;\" href=\"https:\/\/donar.alandalusia.es\/fr\/why-donate\/\">Conna\u00eetre les 10 raisons de faire un don<\/a><\/p>\n<p>\t\t\t\t\t\t\t\t\t\t\t\t<a tabindex=\"0\">Ce don est-il d\u00e9ductible des imp\u00f4ts ?<\/a><\/p>\n<p>Al-Andalusia Education is a non-profit entity and your donation is tax deductible within the guidelines of the law in Spain. To claim a donation as a deduction of up to 75% on your annual income tax return, keep the donation receipt that we will send you by email once you successfully complete your donation.<\/p>\n<h2><a href=\"https:\/\/donar.alandalusia.es\/fr\/alandalusiafamily\/\">Al-Andalusia Family\u200b<\/a><\/h2>\n<p>Become part of the Al-Andalusia Family by donating monthly and share in the blessings of every project we undertake\u2014be it education, training, dawah, or humanitarian aid. Your consistent support helps us shape future leaders and uplift communities, all while preserving the rich legacy of Al-Andalus. Join us in this ongoing journey of impact and growth, and let your monthly contribution become a source of continuous reward for you and your loved ones.<\/p>\n<p>\t\t\t\t\t<a href=\"https:\/\/donar.alandalusia.es\/fr\/alandalusiafamily\/\"><br \/>\n\t\t\t\t\t\t\t\t\tJoin the family<br \/>\n\t\t\t\t\t<\/a><br \/>\n\t\t<iframe title=\"Al-Andalusia Institute English Presentation | Sh. Mohammad Idrissi\" width=\"500\" height=\"281\" src=\"https:\/\/www.youtube.com\/embed\/jG63zm1MNrQ?feature=oembed\" frameborder=\"0\" allow=\"accelerometer; autoplay; clipboard-write; encrypted-media; gyroscope; picture-in-picture; web-share\" referrerpolicy=\"strict-origin-when-cross-origin\" allowfullscreen><\/iframe>\t\t<\/p>\n<h2>Example Projects From Our Students<\/h2>\n<figure class='gallery-item'>\n\t\t\t\t<a data-elementor-open-lightbox=\"yes\" data-elementor-lightbox-slideshow=\"1c38b6ac\" data-elementor-lightbox-title=\"526x526_01-1.jpg\" data-e-action-hash=\"#elementor-action%3Aaction%3Dlightbox%26settings%3DeyJpZCI6ODE3LCJ1cmwiOiJodHRwczpcL1wvZG9uYXRlLmFsYW5kYWx1c2lhLm9yZ1wvd3AtY29udGVudFwvdXBsb2Fkc1wvMjAyMlwvMDRcLzUyNng1MjZfMDEtMS0xLmpwZyIsInNsaWRlc2hvdyI6IjFjMzhiNmFjIn0%3D\" href='https:\/\/donar.alandalusia.es\/wp-content\/uploads\/2022\/04\/526x526_01-1-1.jpg'><img width=\"526\" height=\"526\" src=\"https:\/\/donar.alandalusia.es\/wp-content\/uploads\/2022\/04\/526x526_01-1-1.jpg\" alt=\"\" decoding=\"async\" srcset=\"https:\/\/donar.alandalusia.es\/wp-content\/uploads\/2022\/04\/526x526_01-1-1.jpg 526w, https:\/\/donar.alandalusia.es\/wp-content\/uploads\/2022\/04\/526x526_01-1-1-240x240.jpg 240w, https:\/\/donar.alandalusia.es\/wp-content\/uploads\/2022\/04\/526x526_01-1-1-300x300.jpg 300w, https:\/\/donar.alandalusia.es\/wp-content\/uploads\/2022\/04\/526x526_01-1-1-150x150.jpg 150w\" sizes=\"(max-width: 526px) 100vw, 526px\" \/><\/a><br \/>\n\t\t\t<\/figure>\n<figure class='gallery-item'>\n\t\t\t\t<a data-elementor-open-lightbox=\"yes\" data-elementor-lightbox-slideshow=\"1c38b6ac\" data-elementor-lightbox-title=\"526x526_02-1.jpg\" data-e-action-hash=\"#elementor-action%3Aaction%3Dlightbox%26settings%3DeyJpZCI6ODE4LCJ1cmwiOiJodHRwczpcL1wvZG9uYXRlLmFsYW5kYWx1c2lhLm9yZ1wvd3AtY29udGVudFwvdXBsb2Fkc1wvMjAyMlwvMDRcLzUyNng1MjZfMDItMS0xLmpwZyIsInNsaWRlc2hvdyI6IjFjMzhiNmFjIn0%3D\" href='https:\/\/donar.alandalusia.es\/wp-content\/uploads\/2022\/04\/526x526_02-1-1.jpg'><img width=\"526\" height=\"526\" src=\"https:\/\/donar.alandalusia.es\/wp-content\/uploads\/2022\/04\/526x526_02-1-1.jpg\" alt=\"\" decoding=\"async\" srcset=\"https:\/\/donar.alandalusia.es\/wp-content\/uploads\/2022\/04\/526x526_02-1-1.jpg 526w, https:\/\/donar.alandalusia.es\/wp-content\/uploads\/2022\/04\/526x526_02-1-1-240x240.jpg 240w, https:\/\/donar.alandalusia.es\/wp-content\/uploads\/2022\/04\/526x526_02-1-1-300x300.jpg 300w, https:\/\/donar.alandalusia.es\/wp-content\/uploads\/2022\/04\/526x526_02-1-1-150x150.jpg 150w\" sizes=\"(max-width: 526px) 100vw, 526px\" \/><\/a><br \/>\n\t\t\t<\/figure>\n<figure class='gallery-item'>\n\t\t\t\t<a data-elementor-open-lightbox=\"yes\" data-elementor-lightbox-slideshow=\"1c38b6ac\" data-elementor-lightbox-title=\"526x526-1.jpg\" data-e-action-hash=\"#elementor-action%3Aaction%3Dlightbox%26settings%3DeyJpZCI6ODE5LCJ1cmwiOiJodHRwczpcL1wvZG9uYXRlLmFsYW5kYWx1c2lhLm9yZ1wvd3AtY29udGVudFwvdXBsb2Fkc1wvMjAyMlwvMDRcLzUyNng1MjYtMS0xLmpwZyIsInNsaWRlc2hvdyI6IjFjMzhiNmFjIn0%3D\" href='https:\/\/donar.alandalusia.es\/wp-content\/uploads\/2022\/04\/526x526-1-1.jpg'><img width=\"526\" height=\"526\" src=\"https:\/\/donar.alandalusia.es\/wp-content\/uploads\/2022\/04\/526x526-1-1.jpg\" alt=\"\" decoding=\"async\" srcset=\"https:\/\/donar.alandalusia.es\/wp-content\/uploads\/2022\/04\/526x526-1-1.jpg 526w, https:\/\/donar.alandalusia.es\/wp-content\/uploads\/2022\/04\/526x526-1-1-240x240.jpg 240w, https:\/\/donar.alandalusia.es\/wp-content\/uploads\/2022\/04\/526x526-1-1-300x300.jpg 300w, https:\/\/donar.alandalusia.es\/wp-content\/uploads\/2022\/04\/526x526-1-1-150x150.jpg 150w\" sizes=\"(max-width: 526px) 100vw, 526px\" \/><\/a><br \/>\n\t\t\t<\/figure>\n<h2>Bank transfers details<\/h2>\n<h2>Al-Andalusia USA<\/h2>\n<p style=\"text-align: left;\">Account name: Al-Andalusia USA INC<br \/>Bank: Chase<br \/>Routing number (for direct deposits): 061092387<br \/>Routing number (for wire transfers): 021000021<br \/>Account Number: 7538366751<\/p>\n<h2>Al-Andalusia Spain<\/h2>\n<p style=\"text-align: left;\">Account Name: Al-Andalusia Education <br \/>Bank: Triodos Bank<br \/>IBAN: ES88 1491 0001 2930 0012 3933 <br \/>BIC\/SWIFT CODE: TRIOESMMXXX <br \/>Registered charity no. 17979<\/p>\n<h2>Al-Andalusia UK<\/h2>\n<p style=\"text-align: left;\">Account Name: Idrissi Foundation<br \/>Bank: NatWest Bank<br \/>Sort Code: 50-00-00<br \/>Account Number: 29874114<br \/>Registered charity no. 1186426<\/p>\n<p>\t\t\t\t\t<a href=\"https:\/\/library.elementor.com\/local-workshops-wireframe-1\/contact\/\"><br \/>\n\t\t\t\t\t\t\t\t\tContact Us<br \/>\n\t\t\t\t\t<\/a><\/p>\n<h2>Student Testimonials<\/h2>\n<p>\t\t\t\t\t\t\tIt was really lovely to welcome at the Yaqeen Islamic Center and Valley Ranch Sh. Mohammad Idrissi, who came all the way from Spain and is doing amazing work there with the Al-Andalusia Institute.<br \/>\n\t\t\t\t\t\t\t<a href=\"https:\/\/yaqeeninstitute.org\/\"><img decoding=\"async\" width=\"300\" height=\"300\" src=\"https:\/\/donar.alandalusia.es\/wp-content\/uploads\/2025\/07\/DR.-3-400x400-1-300x300.png\" alt=\"\" \/><\/a><br \/>\n\t\t\t\t\t\t\t\t\t\t\t\t\t\t<a href=\"https:\/\/yaqeeninstitute.org\/\">Dr. Omar Suleiman<\/a><br \/>\n\t\t\t\t\t\t\t\t\t\t\t\t\t\t\t\t\t\t\t\t\t\t<a href=\"https:\/\/yaqeeninstitute.org\/\">Founder and director of the Yaqeen Institute, Dallas, USA.<\/a><br \/>\n\t\t\t\t\t\t\tMy experience has been very satisfactory. I am very grateful to the institute for being able to learn in Spanish and have quality teachers. I love the flexibility of learning that they offer: you can follow the classes live or watch the recordings whenever you want. This makes it easy to review and adapts to any pace of life.<br \/>\n\t\t\t\t\t\t\t<a href=\"https:\/\/alandalusia.org\/inspirar-souleima-kolsi-valencia\/\"><img decoding=\"async\" width=\"290\" height=\"300\" src=\"https:\/\/donar.alandalusia.es\/wp-content\/uploads\/2025\/07\/laura-290x300.jpeg\" alt=\"\" \/><\/a><br \/>\n\t\t\t\t\t\t\t\t\t\t\t\t\t\t<a href=\"https:\/\/alandalusia.org\/inspirar-souleima-kolsi-valencia\/\">SOULEIMA KOLSI, VALENCIA<\/a><br \/>\n\t\t\t\t\t\t\t\t\t\t\t\t\t\t\t\t\t\t\t\t\t\t<a href=\"https:\/\/alandalusia.org\/inspirar-souleima-kolsi-valencia\/\">Undergraduate Student<\/a><br \/>\n\t\t\t\t\t\t\tAl-Andalusia has been a dream come true for my Islamic education as a Spanish speaker. Having access to qualified native Spanish-speaking teachers and professionally taught classes is something I never imagined possible. The program has made learning Arabic much easier by connecting Islamic concepts to Spanish grammar structures I already knew.<br \/>\n\t\t\t\t\t\t\t<a href=\"https:\/\/alandalusia.org\/empoderar-ali-el-yemlahy-madrid\/\"><img decoding=\"async\" width=\"300\" height=\"300\" src=\"https:\/\/donar.alandalusia.es\/wp-content\/uploads\/2025\/07\/amina-rodriguez-cropped-400x400-1-300x300.png\" alt=\"\" \/><\/a><br \/>\n\t\t\t\t\t\t\t\t\t\t\t\t\t\t<a href=\"https:\/\/alandalusia.org\/empoderar-ali-el-yemlahy-madrid\/\">Amina Rodriguez <\/a><br \/>\n\t\t\t\t\t\t\t\t\t\t\t\t\t\t\t\t\t\t\t\t\t\t<a href=\"https:\/\/alandalusia.org\/empoderar-ali-el-yemlahy-madrid\/\">Atlanta, \u00c9tats-Unis<\/a><\/p>\n<h2>Sing up newsletter<\/h2>\n<div class='fluentform ff-default fluentform_wrapper_2 ffs_default_wrap'><form data-form_id=\"2\" id=\"fluentform_2\" class=\"frm-fluent-form fluent_form_2 ff-el-form-top ff_form_instance_2_1 ff-form-loading ffs_default\" data-form_instance=\"ff_form_instance_2_1\" method=\"POST\" action=\"\" ><fieldset  style=\"border: none!important;margin: 0!important;padding: 0!important;background-color: transparent!important;box-shadow: none!important;outline: none!important; min-inline-size: 100%;\">\n                    <legend class=\"ff_screen_reader_title\" style=\"display: block; margin: 0!important;padding: 0!important;height: 0!important;text-indent: -999999px;width: 0!important;overflow:hidden;\">Formulaire de souscription<\/legend><input type='hidden' name='__fluent_form_embded_post_id' value='14142' \/><input type=\"hidden\" id=\"_fluentform_2_fluentformnonce\" name=\"_fluentform_2_fluentformnonce\" value=\"359e871cd0\" \/><input type=\"hidden\" name=\"_wp_http_referer\" value=\"\/fr\/wp-json\/wp\/v2\/pages\/14142\" \/><div data-name=\"ff_cn_id_1\"  class='ff-t-container ff-column-container ff_columns_total_2'><div class='ff-t-cell ff-t-column-1' style='flex-basis: 68.06%;'><div class='ff-el-group'><div class='ff-el-input--content'><input type=\"email\" name=\"email\" id=\"ff_2_email\" class=\"ff-el-form-control\" placeholder=\"* Email\" data-name=\"email\"  aria-invalid=\"false\" aria-required=\"true\"><\/div><\/div><\/div><div class='ff-t-cell ff-t-column-2' style='flex-basis: 31.94%;'><div class='ff-el-group ff-text-left ff_submit_btn_wrapper ff_submit_btn_wrapper_custom'><button class=\"ff-btn ff-btn-submit ff-btn-md ff_btn_style wpf_has_custom_css\" type=\"submit\" name=\"custom_submit_button-2_1\" data-name=\"custom_submit_button-2_1\"  aria-label=\"S&#039;ABONNER\">S'ABONNER<\/button><style>form.fluent_form_2 .wpf_has_custom_css.ff-btn-submit { background-color:rgba(219, 192, 0, 1);border-color:rgba(219, 192, 0, 1);color:#ffffff;min-width:100%; }form.fluent_form_2 .wpf_has_custom_css.ff-btn-submit:hover { background-color:rgba(55, 127, 113, 1);border-color:rgba(55, 127, 113, 1);color:rgba(255, 255, 255, 1);min-width:100%; } <\/style><\/div><\/div><\/div><\/fieldset><input type=\"hidden\" name=\"trp-form-language\" value=\"fr\"\/><\/form><div id='fluentform_2_errors' class='ff-errors-in-stack ff_form_instance_2_1 ff-form-loading_errors ff_form_instance_2_1_errors'><\/div><\/div>            <script type=\"text\/javascript\">\n                window.fluent_form_ff_form_instance_2_1 = {\"id\":\"2\",\"settings\":{\"layout\":{\"labelPlacement\":\"top\",\"helpMessagePlacement\":\"with_label\",\"errorMessagePlacement\":\"inline\",\"asteriskPlacement\":\"asterisk-right\"},\"restrictions\":{\"denyEmptySubmission\":{\"enabled\":false}}},\"form_instance\":\"ff_form_instance_2_1\",\"form_id_selector\":\"fluentform_2\",\"rules\":{\"email\":{\"required\":{\"value\":true,\"message\":\"Este campo es obligatorio\",\"global\":false,\"global_message\":\"Este campo es obligatorio\"},\"email\":{\"value\":true,\"message\":\"Este email no es correcto\",\"global\":false,\"global_message\":\"Este campo debe contener un correo electr\\u00f3nico v\\u00e1lido\"}}},\"debounce_time\":300};\n                            <\/script>","protected":false},"excerpt":{"rendered":"<p>Reviving a Golden Legacy, Empowering Generations We are on a mission to secure and renovate a historic 115-year-old Andalusian Alquer\u00eda &#8211; Cortijo in Seville, transforming it into a dynamic campus for The Islamic University of Spain, where students can live, learn, and connect with nature. Your support will help us complete the purchase before Ramadan [&hellip;]<\/p>","protected":false},"author":2,"featured_media":0,"parent":0,"menu_order":0,"comment_status":"closed","ping_status":"closed","template":"elementor_header_footer","meta":{"give_campaign_id":0,"_eb_attr":"","_eb_data_table":"","footnotes":""},"class_list":["post-14142","page","type-page","status-publish","hentry"],"campaignId":"","_links":{"self":[{"href":"https:\/\/donar.alandalusia.es\/fr\/wp-json\/wp\/v2\/pages\/14142","targetHints":{"allow":["GET"]}}],"collection":[{"href":"https:\/\/donar.alandalusia.es\/fr\/wp-json\/wp\/v2\/pages"}],"about":[{"href":"https:\/\/donar.alandalusia.es\/fr\/wp-json\/wp\/v2\/types\/page"}],"author":[{"embeddable":true,"href":"https:\/\/donar.alandalusia.es\/fr\/wp-json\/wp\/v2\/users\/2"}],"replies":[{"embeddable":true,"href":"https:\/\/donar.alandalusia.es\/fr\/wp-json\/wp\/v2\/comments?post=14142"}],"version-history":[{"count":0,"href":"https:\/\/donar.alandalusia.es\/fr\/wp-json\/wp\/v2\/pages\/14142\/revisions"}],"wp:attachment":[{"href":"https:\/\/donar.alandalusia.es\/fr\/wp-json\/wp\/v2\/media?parent=14142"}],"curies":[{"name":"wp","href":"https:\/\/api.w.org\/{rel}","templated":true}]}}