{"id":286,"date":"2026-03-14T19:45:45","date_gmt":"2026-03-14T19:45:45","guid":{"rendered":"https:\/\/donar.alandalusia.org\/about\/"},"modified":"2026-03-17T07:46:13","modified_gmt":"2026-03-17T07:46:13","slug":"funds","status":"publish","type":"page","link":"https:\/\/donar.alandalusia.es\/fr\/funds\/","title":{"rendered":"Fonds"},"content":{"rendered":"<div class=\"wp-block-group alignfull is-style-default has-tertiary-background-color has-background has-global-padding is-layout-constrained wp-container-core-group-is-layout-ce6b4bc3 wp-block-group-is-layout-constrained\" style=\"margin-top:0;margin-bottom:var(--wp--preset--spacing--70);padding-top:var(--wp--preset--spacing--70);padding-bottom:var(--wp--preset--spacing--70);background-image:url(&#039;https:\/\/donar.alandalusia.es\/wp-content\/uploads\/2026\/03\/beautiful-young-couple-writing-notebook-sitting-couck-home-arab-girl-wearing-black-hidjab-scaled_overlay.jpg&#039;);background-position:56.00000000000001% 31%;background-size:cover;background-attachment:scroll;\">\n<h2 class=\"wp-block-heading has-text-align-center headingwithshadow has-background-color has-text-color has-link-color wp-elements-62664982e1fd4c5d7898d3957afc8d5c\" style=\"border-style:none;border-width:0px;margin-top:0px;margin-bottom:1rem\">Fonds<\/h2>\n<\/div>\n\n\n\n<div class=\"wp-block-group alignfull has-global-padding is-layout-constrained wp-container-core-group-is-layout-ace15096 wp-block-group-is-layout-constrained\" style=\"padding-top:0;padding-bottom:0\">\n<div class=\"wp-block-columns alignwide is-layout-flex wp-container-core-columns-is-layout-28f84493 wp-block-columns-is-layout-flex\">\n<div class=\"wp-block-column is-layout-flow wp-block-column-is-layout-flow\" style=\"padding-right:var(--wp--preset--spacing--30);padding-left:var(--wp--preset--spacing--30)\">\n<h2 class=\"wp-block-heading has-text-align-center has-foreground-color has-text-color has-link-color wp-elements-443927616c2a3b7f8541c0488d2dffec\" style=\"margin-top:0px;margin-bottom:1rem\">\u00c0 quels fonds les dons sont-ils affect\u00e9s ?<\/h2>\n\n\n\n<div class=\"wp-block-essential-blocks-text  root-eb-text-iptnn\"><div class=\"eb-parent-wrapper eb-parent-eb-text-iptnn\"><div class=\"eb-text-wrapper eb-text-iptnn\" data-id=\"eb-text-iptnn\"><p class=\"eb-text\">Les dons que nous recevons en Al-Andalusia sont affect\u00e9s \u00e0 diff\u00e9rents fonds destin\u00e9s \u00e0 soutenir des projets \u00e9ducatifs et communautaires inspir\u00e9s par les valeurs islamiques. Gr\u00e2ce \u00e0 ces fonds, nous visons \u00e0 faciliter l'acc\u00e8s au savoir, \u00e0 soutenir les \u00e9tudiants et \u00e0 renforcer le d\u00e9veloppement de l'enseignement sup\u00e9rieur islamique au b\u00e9n\u00e9fice de notre communaut\u00e9.<\/p><\/div><\/div><\/div>\n\n\n\n<p class=\"has-text-align-center has-foreground-color has-text-color has-link-color wp-elements-72986f2c5a03bb9b11798470fd583bed\"><strong>Aidez-nous en faisant un don mensuel et choisissez le fonds que vous souhaitez soutenir.<\/strong><\/p>\n\n\n\n<div class=\"wp-block-essential-blocks-accordion  root-eb-accordion-c1ca3\"><div class=\"eb-parent-wrapper eb-parent-eb-accordion-c1ca3\"><div class=\"eb-accordion-container eb-accordion-c1ca3\" data-accordion-type=\"accordion\" data-tab-icon=\"dashicons-plus-alt2\" data-expanded-icon=\"dashicons-minus\" data-transition-duration=\"500\"><div class=\"eb-accordion-inner\">\n<div class=\"wp-block-essential-blocks-accordion-item eb-accordion-item-7gl41 eb-accordion-wrapper\" data-clickable=\"true\"><div class=\"eb-accordion-title-wrapper eb-accordion-title-wrapper-eb-accordion-c1ca3\" tabindex=\"0\"><span class=\"eb-accordion-icon-wrapper eb-accordion-icon-wrapper-eb-accordion-c1ca3\"><span class=\"dashicon dashicons dashicons-plus-alt2 eb-accordion-icon\"><\/span><\/span><div class=\"eb-accordion-title-content-wrap title-content-eb-accordion-c1ca3\"><h3 class=\"eb-accordion-title\">Fonds g\u00e9n\u00e9ral<\/h3><\/div><\/div><div class=\"eb-accordion-content-wrapper eb-accordion-content-wrapper-eb-accordion-c1ca3\"><div class=\"eb-accordion-content\">\n<div class=\"wp-block-essential-blocks-text  root-eb-text-awxol\"><div class=\"eb-parent-wrapper eb-parent-eb-text-awxol\"><div class=\"eb-text-wrapper eb-text-awxol\" data-id=\"eb-text-awxol\"><p class=\"eb-text\">Ce fonds soutient directement nos objectifs, nos projets et nos programmes acad\u00e9miques et de dawah. C'est le fonds qui nous profite le plus, car nous pouvons utiliser vos dons l\u00e0 o\u00f9 ils sont le plus n\u00e9cessaires. C'est avec ce fonds que nous finan\u00e7ons tous nos fonds et nos campagnes.<\/p><\/div><\/div><\/div>\n<\/div><\/div><\/div>\n\n\n\n<div class=\"wp-block-essential-blocks-accordion-item eb-accordion-item-sbebj eb-accordion-wrapper\" data-clickable=\"false\"><div class=\"eb-accordion-title-wrapper eb-accordion-title-wrapper-eb-accordion-c1ca3\" tabindex=\"0\"><span class=\"eb-accordion-icon-wrapper eb-accordion-icon-wrapper-eb-accordion-c1ca3\"><span class=\"dashicon dashicons dashicons-plus-alt2 eb-accordion-icon\"><\/span><\/span><div class=\"eb-accordion-title-content-wrap title-content-eb-accordion-c1ca3\"><h3 class=\"eb-accordion-title\">Fonds Waqf<\/h3><\/div><\/div><div class=\"eb-accordion-content-wrapper eb-accordion-content-wrapper-eb-accordion-c1ca3\"><div class=\"eb-accordion-content\">\n<div class=\"wp-block-essential-blocks-text  root-eb-text-682v7\"><div class=\"eb-parent-wrapper eb-parent-eb-text-682v7\"><div class=\"eb-text-wrapper eb-text-682v7\" data-id=\"eb-text-682v7\"><p class=\"eb-text\">Ce fonds est destin\u00e9 \u00e0 des projets d'agrandissement, de r\u00e9novation et d'entretien des infrastructures. Gr\u00e2ce aux dons re\u00e7us, nous construisons actuellement l'Institut Al-Andalusia, le premier \u00e9tablissement en Espagne \u00e0 former des enseignants, des imams, des murshidas et des oul\u00e9mas en espagnol et en arabe.<\/p><\/div><\/div><\/div>\n<\/div><\/div><\/div>\n\n\n\n<div class=\"wp-block-essential-blocks-accordion-item eb-accordion-item-i8qf9 eb-accordion-wrapper\" data-clickable=\"false\"><div class=\"eb-accordion-title-wrapper eb-accordion-title-wrapper-eb-accordion-c1ca3\" tabindex=\"0\"><span class=\"eb-accordion-icon-wrapper eb-accordion-icon-wrapper-eb-accordion-c1ca3\"><span class=\"dashicon dashicons dashicons-plus-alt2 eb-accordion-icon\"><\/span><\/span><div class=\"eb-accordion-title-content-wrap title-content-eb-accordion-c1ca3\"><h3 class=\"eb-accordion-title\">Fonds de bourses d'\u00e9tudes<\/h3><\/div><\/div><div class=\"eb-accordion-content-wrapper eb-accordion-content-wrapper-eb-accordion-c1ca3\"><div class=\"eb-accordion-content\">\n<div class=\"wp-block-essential-blocks-text  root-eb-text-dn5hg\"><div class=\"eb-parent-wrapper eb-parent-eb-text-dn5hg\"><div class=\"eb-text-wrapper eb-text-dn5hg\" data-id=\"eb-text-dn5hg\"><p class=\"eb-text\">Ce fonds sert de base \u00e0 notre programme d'aide au m\u00e9rite ; les \u00e9tudiants \u00e9ligibles sur le plan acad\u00e9mique peuvent demander chaque ann\u00e9e des bourses partielles ou compl\u00e8tes, qui seront attribu\u00e9es sur la base de l'engagement et des notes de l'\u00e9tudiant.<br><br>Actuellement, une ann\u00e9e d'\u00e9tudes \u00e0 l'Institut co\u00fbte 490 \u20ac par \u00e9tudiant. Nos bourses sont destin\u00e9es aux \u00e9tudiants et aux personnes r\u00e9sidant en Am\u00e9rique latine. Le co\u00fbt annuel \u00e0 l'Acad\u00e9mie est de 290 \u20ac, tarif r\u00e9serv\u00e9 aux familles qui ne peuvent pas prendre en charge les frais de scolarit\u00e9 de leurs enfants.<\/p><\/div><\/div><\/div>\n<\/div><\/div><\/div>\n\n\n\n<div class=\"wp-block-essential-blocks-accordion-item eb-accordion-item-js68k eb-accordion-wrapper\" data-clickable=\"false\"><div class=\"eb-accordion-title-wrapper eb-accordion-title-wrapper-eb-accordion-c1ca3\" tabindex=\"0\"><span class=\"eb-accordion-icon-wrapper eb-accordion-icon-wrapper-eb-accordion-c1ca3\"><span class=\"dashicon dashicons dashicons-plus-alt2 eb-accordion-icon\"><\/span><\/span><div class=\"eb-accordion-title-content-wrap title-content-eb-accordion-c1ca3\"><h3 class=\"eb-accordion-title\">Fonds de la Zakat<\/h3><\/div><\/div><div class=\"eb-accordion-content-wrapper eb-accordion-content-wrapper-eb-accordion-c1ca3\"><div class=\"eb-accordion-content\">\n<div class=\"wp-block-essential-blocks-text  root-eb-text-r3fwe\"><div class=\"eb-parent-wrapper eb-parent-eb-text-r3fwe\"><div class=\"eb-text-wrapper eb-text-r3fwe\" data-id=\"eb-text-r3fwe\"><p class=\"eb-text\">Este fondo sirve como base de nuestro programa de ayuda financiera y se utiliza para cubrir el costo total de la educaci\u00f3n de un estudiante elegible para el zakat.<\/p><\/div><\/div><\/div>\n<\/div><\/div><\/div>\n<\/div><\/div><\/div><\/div>\n\n\n\n<div class=\"wp-block-group has-global-padding is-layout-constrained wp-block-group-is-layout-constrained\">\n<h6 class=\"wp-block-heading has-text-align-center has-primary-color has-text-color has-link-color wp-elements-562821e253ee8967c32c0cb33fd463af\"><strong>Num\u00e9ro d'organisme de bienfaisance enregistr\u00e9<\/strong><\/h6>\n\n\n\n<div class=\"wp-block-essential-blocks-text  root-eb-text-13cop\"><div class=\"eb-parent-wrapper eb-parent-eb-text-13cop\"><div class=\"eb-text-wrapper eb-text-13cop\" data-id=\"eb-text-13cop\"><p class=\"eb-text\">Espagne : 17979<br>ROYAUME-UNI : 1186426<br>U.S.A. : EIN 93-4184602<\/p><\/div><\/div><\/div>\n<\/div>\n<\/div>\n<\/div>\n\n\n\n<figure class=\"wp-block-image aligncenter size-full is-resized\" style=\"margin-top:var(--wp--preset--spacing--70);margin-bottom:var(--wp--preset--spacing--70)\"><img decoding=\"async\" width=\"103\" height=\"49\" src=\"https:\/\/donar.alandalusia.es\/wp-content\/uploads\/2026\/03\/grafico2.png\" alt=\"\" class=\"wp-image-15097\" style=\"aspect-ratio:2.1037867262237366;width:76px;height:auto\" srcset=\"https:\/\/donar.alandalusia.es\/wp-content\/uploads\/2026\/03\/grafico2.png 103w, https:\/\/donar.alandalusia.es\/wp-content\/uploads\/2026\/03\/grafico2-18x9.png 18w\" sizes=\"(max-width: 103px) 100vw, 103px\" \/><\/figure>\n<\/div>\n\n\n\n<div class=\"wp-block-group alignfull has-background-color has-foreground-background-color has-text-color has-background is-layout-flow wp-block-group-is-layout-flow\" style=\"margin-top:var(--wp--preset--spacing--60);margin-bottom:var(--wp--preset--spacing--40);padding-top:var(--wp--preset--spacing--20);padding-bottom:var(--wp--preset--spacing--20)\">\n<div style=\"height:43px\" aria-hidden=\"true\" class=\"wp-block-spacer\"><\/div>\n\n\n\n<div class=\"wp-block-columns is-layout-flex wp-container-core-columns-is-layout-28f84493 wp-block-columns-is-layout-flex\">\n<div class=\"wp-block-column is-layout-flow wp-block-column-is-layout-flow\">\n<h2 class=\"wp-block-heading has-text-align-center\" id=\"schedule-a-visit\" style=\"font-size:clamp(32.969px, 2.061rem + ((1vw - 3.2px) * 2.712), 59px);px;line-height:1.15\"><strong>Famille Al-Andalusia<\/strong><\/h2>\n\n\n\n<div class=\"wp-block-essential-blocks-text  root-eb-text-emcoj\"><div class=\"eb-parent-wrapper eb-parent-eb-text-emcoj\"><div class=\"eb-text-wrapper eb-text-emcoj\" data-id=\"eb-text-emcoj\"><p class=\"eb-text\">Faites partie de la famille Al-Andalusia en faisant un don mensuel et partagez les b\u00e9n\u00e9dictions de chaque projet que nous entreprenons, qu'il s'agisse d'\u00e9ducation, de formation, de dawah ou d'aide humanitaire. Votre soutien continu nous aide \u00e0 former de futurs leaders et \u00e0 encourager les communaut\u00e9s, tout en pr\u00e9servant le riche h\u00e9ritage d'Al-Andalus. Rejoignez-nous sur ce chemin de l'impact et de la croissance, et laissez votre contribution mensuelle devenir une source permanente de r\u00e9compense pour vous et vos proches.<\/p><\/div><\/div><\/div>\n\n\n\n<div class=\"wp-block-essential-blocks-button  root-eb-button-iqoa4\"><div class=\"eb-parent-wrapper eb-parent-eb-button-iqoa4\"><div class=\"eb-button-wrapper eb-button-alignment eb-button-iqoa4\"><div class=\"eb-button\"><div class=\"eb-button-inner-wrapper\"><a class=\"eb-button-anchor\" href=\"\/fr\/alandalusiafamily\/\" rel=\"noopener\">Rejoignez-nous !<\/a><\/div><\/div><\/div><\/div><\/div>\n<\/div>\n\n\n\n<div class=\"wp-block-column is-layout-flow wp-block-column-is-layout-flow\">\n<figure class=\"wp-block-embed is-type-video is-provider-youtube wp-block-embed-youtube wp-embed-aspect-16-9 wp-has-aspect-ratio\"><div class=\"wp-block-embed__wrapper\">\n<iframe title=\"Al-Andalusia Institute English Presentation | Sh. Mohammad Idrissi\" width=\"500\" height=\"281\" src=\"https:\/\/www.youtube.com\/embed\/jG63zm1MNrQ?feature=oembed\" frameborder=\"0\" allow=\"accelerometer; autoplay; clipboard-write; encrypted-media; gyroscope; picture-in-picture; web-share\" referrerpolicy=\"strict-origin-when-cross-origin\" allowfullscreen><\/iframe>\n<\/div><\/figure>\n<\/div>\n<\/div>\n\n\n\n<div style=\"height:64px\" aria-hidden=\"true\" class=\"wp-block-spacer\"><\/div>\n<\/div>","protected":false},"excerpt":{"rendered":"<p>Fondos \u00bfA qu\u00e9 fondos se destinan las donaciones? Ay\u00fadanos con una donaci\u00f3n mensual y elige el fondo al que quieres apoyar. N\u00famero de organizaci\u00f3n ben\u00e9fica registrada Familia Al-Andalusia<\/p>","protected":false},"author":539,"featured_media":0,"parent":0,"menu_order":0,"comment_status":"closed","ping_status":"closed","template":"","meta":{"give_campaign_id":0,"_eb_attr":"","_eb_data_table":"","footnotes":""},"class_list":["post-286","page","type-page","status-publish","hentry"],"campaignId":"0","_links":{"self":[{"href":"https:\/\/donar.alandalusia.es\/fr\/wp-json\/wp\/v2\/pages\/286","targetHints":{"allow":["GET"]}}],"collection":[{"href":"https:\/\/donar.alandalusia.es\/fr\/wp-json\/wp\/v2\/pages"}],"about":[{"href":"https:\/\/donar.alandalusia.es\/fr\/wp-json\/wp\/v2\/types\/page"}],"author":[{"embeddable":true,"href":"https:\/\/donar.alandalusia.es\/fr\/wp-json\/wp\/v2\/users\/539"}],"replies":[{"embeddable":true,"href":"https:\/\/donar.alandalusia.es\/fr\/wp-json\/wp\/v2\/comments?post=286"}],"version-history":[{"count":0,"href":"https:\/\/donar.alandalusia.es\/fr\/wp-json\/wp\/v2\/pages\/286\/revisions"}],"wp:attachment":[{"href":"https:\/\/donar.alandalusia.es\/fr\/wp-json\/wp\/v2\/media?parent=286"}],"curies":[{"name":"wp","href":"https:\/\/api.w.org\/{rel}","templated":true}]}}