{"id":54,"date":"2026-03-14T19:40:53","date_gmt":"2026-03-14T19:40:53","guid":{"rendered":"https:\/\/alandalusia.org\/donar\/?page_id=54"},"modified":"2026-03-15T06:37:39","modified_gmt":"2026-03-15T06:37:39","slug":"why-donate","status":"publish","type":"page","link":"https:\/\/donar.alandalusia.es\/fr\/why-donate\/","title":{"rendered":"\u00bfPorqu\u00e9 donar?"},"content":{"rendered":"<div class=\"wp-block-group alignfull is-style-default has-tertiary-background-color has-background has-global-padding is-layout-constrained wp-container-core-group-is-layout-ce6b4bc3 wp-block-group-is-layout-constrained\" style=\"margin-top:0;margin-bottom:var(--wp--preset--spacing--70);padding-top:var(--wp--preset--spacing--70);padding-bottom:var(--wp--preset--spacing--70);background-image:url(&#039;https:\/\/donar.alandalusia.es\/wp-content\/uploads\/2026\/03\/tmppstuaqms-scaled_overlay1.jpg&#039;);background-position:47% 34%;background-size:cover;background-attachment:scroll;\">\n<h2 class=\"wp-block-heading has-text-align-center headingwithshadow has-background-color has-text-color has-link-color wp-elements-4201f66ef3edeab25bd7550a8d001a0b\" style=\"border-style:none;border-width:0px;margin-top:0px;margin-bottom:1rem\">Pourquoi faire un don ?<\/h2>\n<\/div>\n\n\n\n<div class=\"wp-block-group has-global-padding is-layout-constrained wp-block-group-is-layout-constrained\">\n<h2 class=\"wp-block-heading has-text-align-center has-foreground-color has-text-color has-link-color wp-elements-32bdac1b3b74896c3c6d04d9628f4ce1\" style=\"margin-bottom:var(--wp--preset--spacing--50)\">10 raisons de faire un don<\/h2>\n\n\n\n<div class=\"wp-block-essential-blocks-text  root-eb-text-ed6v4\"><div class=\"eb-parent-wrapper eb-parent-eb-text-ed6v4\"><div class=\"eb-text-wrapper eb-text-ed6v4\" data-id=\"eb-text-ed6v4\"><p class=\"eb-text\">Faire un don, c'est s'engager activement pour le bien commun et contribuer \u00e0 l'essor de notre communaut\u00e9. Gr\u00e2ce \u00e0 votre soutien, vous participez au d\u00e9veloppement de projets \u00e9ducatifs, \u00e0 la formation des nouvelles g\u00e9n\u00e9rations et \u00e0 la pr\u00e9servation des valeurs de l'islam. Sur cette page, nous vous expliquons en quoi votre contribution peut faire une r\u00e9elle diff\u00e9rence.<\/p><\/div><\/div><\/div>\n\n\n\n<figure class=\"wp-block-image aligncenter size-full is-resized has-custom-border\" style=\"margin-top:var(--wp--preset--spacing--70);margin-bottom:var(--wp--preset--spacing--70)\"><img decoding=\"async\" width=\"320\" height=\"320\" src=\"https:\/\/donar.alandalusia.es\/wp-content\/uploads\/2026\/03\/dua-hands-svgrepo-com-1.png\" alt=\"\" class=\"wp-image-15083\" style=\"border-style:none;border-width:0px;aspect-ratio:2.1037867262237366;object-fit:contain;width:151px;height:auto\" srcset=\"https:\/\/donar.alandalusia.es\/wp-content\/uploads\/2026\/03\/dua-hands-svgrepo-com-1.png 320w, https:\/\/donar.alandalusia.es\/wp-content\/uploads\/2026\/03\/dua-hands-svgrepo-com-1-300x300.png 300w, https:\/\/donar.alandalusia.es\/wp-content\/uploads\/2026\/03\/dua-hands-svgrepo-com-1-150x150.png 150w, https:\/\/donar.alandalusia.es\/wp-content\/uploads\/2026\/03\/dua-hands-svgrepo-com-1-12x12.png 12w\" sizes=\"(max-width: 320px) 100vw, 320px\" \/><\/figure>\n<\/div>\n\n\n\n<div class=\"wp-block-group has-global-padding is-layout-constrained wp-block-group-is-layout-constrained\">\n<div class=\"wp-block-group has-global-padding is-layout-constrained wp-block-group-is-layout-constrained\" style=\"padding-bottom:var(--wp--preset--spacing--60)\">\n<div class=\"wp-block-essential-blocks-text  root-eb-text-r6ccz\"><div class=\"eb-parent-wrapper eb-parent-eb-text-r6ccz eb_animation eb___animated eb___bounceInUp\"><div class=\"eb-text-wrapper eb-text-r6ccz\" data-id=\"eb-text-r6ccz\"><p class=\"eb-text\"><strong>1. Al-Andalusia est une n\u00e9cessit\u00e9 pour notre communaut\u00e9<\/strong><\/p><\/div><\/div><\/div>\n\n\n\n<div class=\"wp-block-essential-blocks-text  root-eb-text-u0tqw\"><div class=\"eb-parent-wrapper eb-parent-eb-text-u0tqw eb_animation eb___animated eb___bounceInUp\"><div class=\"eb-text-wrapper eb-text-u0tqw\" data-id=\"eb-text-u0tqw\"><p class=\"eb-text\">Al-Andalusia forme des enseignants, des imams, des organisations et des responsables communautaires afin de leur fournir les connaissances et les comp\u00e9tences n\u00e9cessaires pour \u00e9duquer, inspirer, dissiper les doutes et renforcer le dynamisme de notre communaut\u00e9.<\/p><\/div><\/div><\/div>\n<\/div>\n\n\n\n<div class=\"wp-block-group has-global-padding is-layout-constrained wp-block-group-is-layout-constrained\" style=\"padding-bottom:var(--wp--preset--spacing--60)\">\n<div class=\"wp-block-essential-blocks-text  root-eb-text-ejn1x\"><div class=\"eb-parent-wrapper eb-parent-eb-text-ejn1x eb_animation eb___animated eb___bounceInUp\"><div class=\"eb-text-wrapper eb-text-ejn1x\" data-id=\"eb-text-ejn1x\"><p class=\"eb-text\"><strong>2. Al-Andalusia offre une plateforme aux voix qualifi\u00e9es et diverses.<\/strong><\/p><\/div><\/div><\/div>\n\n\n\n<div class=\"wp-block-essential-blocks-text  root-eb-text-c1i67\"><div class=\"eb-parent-wrapper eb-parent-eb-text-c1i67 eb_animation eb___animated eb___bounceInUp\"><div class=\"eb-text-wrapper eb-text-c1i67\" data-id=\"eb-text-c1i67\"><p class=\"eb-text\">Nous sommes fiers de disposer d'une \u00e9quipe diversifi\u00e9e sur tous les fronts, ce qui favorise un dialogue constant et enrichissant et nous permet d'offrir une formation de haute qualit\u00e9.<\/p><\/div><\/div><\/div>\n<\/div>\n\n\n\n<div class=\"wp-block-group has-global-padding is-layout-constrained wp-block-group-is-layout-constrained\" style=\"padding-bottom:var(--wp--preset--spacing--60)\">\n<div class=\"wp-block-essential-blocks-text  root-eb-text-ue8ix\"><div class=\"eb-parent-wrapper eb-parent-eb-text-ue8ix eb_animation eb___animated eb___bounceInUp\"><div class=\"eb-text-wrapper eb-text-ue8ix\" data-id=\"eb-text-ue8ix\"><p class=\"eb-text\"><strong>3. Al-Andalusia transmet le savoir \u00e0 tous les lieux<\/strong><\/p><\/div><\/div><\/div>\n\n\n\n<div class=\"wp-block-essential-blocks-text  root-eb-text-e6dxd\"><div class=\"eb-parent-wrapper eb-parent-eb-text-e6dxd eb_animation eb___animated eb___bounceInUp\"><div class=\"eb-text-wrapper eb-text-e6dxd\" data-id=\"eb-text-e6dxd\"><p class=\"eb-text\">Notre plateforme \u00e9ducative permet aux \u00e9tudiants et aux utilisateurs d'acc\u00e9der \u00e0 notre contenu en un seul clic, o\u00f9 qu'ils soient dans le monde et \u00e0 tout moment. Notre objectif est de faciliter l'apprentissage de nos \u00e9tudiants et d'\u00e9liminer tous les obstacles possibles.<\/p><\/div><\/div><\/div>\n<\/div>\n\n\n\n<div class=\"wp-block-group has-global-padding is-layout-constrained wp-block-group-is-layout-constrained\" style=\"padding-bottom:var(--wp--preset--spacing--60)\">\n<div class=\"wp-block-essential-blocks-text  root-eb-text-8wvun\"><div class=\"eb-parent-wrapper eb-parent-eb-text-8wvun eb_animation eb___animated eb___bounceInUp\"><div class=\"eb-text-wrapper eb-text-8wvun\" data-id=\"eb-text-8wvun\"><p class=\"eb-text\"><strong>4. Al-Andalusie revendique le r\u00e9cit sur l'islam et les musulmans<\/strong><\/p><\/div><\/div><\/div>\n\n\n\n<div class=\"wp-block-essential-blocks-text  root-eb-text-nyh8c\"><div class=\"eb-parent-wrapper eb-parent-eb-text-nyh8c eb_animation eb___animated eb___bounceInUp\"><div class=\"eb-text-wrapper eb-text-nyh8c\" data-id=\"eb-text-nyh8c\"><p class=\"eb-text\">Nous croyons que le seul moyen de contrer le discours n\u00e9gatif impos\u00e9 \u00e0 notre communaut\u00e9 est de faire entendre notre voix dans nos soci\u00e9t\u00e9s. Pour ce faire, il est essentiel d'investir dans l'\u00e9ducation de notre communaut\u00e9 et d'y contribuer.<\/p><\/div><\/div><\/div>\n<\/div>\n\n\n\n<div class=\"wp-block-group has-global-padding is-layout-constrained wp-block-group-is-layout-constrained\" style=\"padding-bottom:var(--wp--preset--spacing--60)\">\n<div class=\"wp-block-essential-blocks-text  root-eb-text-co1uf\"><div class=\"eb-parent-wrapper eb-parent-eb-text-co1uf eb_animation eb___animated eb___bounceInUp\"><div class=\"eb-text-wrapper eb-text-co1uf\" data-id=\"eb-text-co1uf\"><p class=\"eb-text\"><strong>5. Al-Andalusia promeut l'enseignement sup\u00e9rieur<\/strong><\/p><\/div><\/div><\/div>\n\n\n\n<div class=\"wp-block-essential-blocks-text  root-eb-text-xu4oq\"><div class=\"eb-parent-wrapper eb-parent-eb-text-xu4oq eb_animation eb___animated eb___bounceInUp\"><div class=\"eb-text-wrapper eb-text-xu4oq\" data-id=\"eb-text-xu4oq\"><p class=\"eb-text\">\u00c0 Al-Andalusia, nous \u0153uvrons \u00e0 promouvoir l'enseignement sup\u00e9rieur dans notre communaut\u00e9, dans le but d'autonomiser nos jeunes et en esp\u00e9rant qu'ils deviendront des individus exemplaires dans tous les domaines de notre soci\u00e9t\u00e9.<\/p><\/div><\/div><\/div>\n<\/div>\n\n\n\n<div class=\"wp-block-group has-global-padding is-layout-constrained wp-block-group-is-layout-constrained\" style=\"padding-bottom:var(--wp--preset--spacing--60)\">\n<div class=\"wp-block-essential-blocks-text  root-eb-text-pqbnm\"><div class=\"eb-parent-wrapper eb-parent-eb-text-pqbnm eb_animation eb___animated eb___bounceInUp\"><div class=\"eb-text-wrapper eb-text-pqbnm\" data-id=\"eb-text-pqbnm\"><p class=\"eb-text\"><strong>6. Al-Andalusia s'efforce de rendre le monde meilleur.<\/strong><\/p><\/div><\/div><\/div>\n\n\n\n<div class=\"wp-block-essential-blocks-text  root-eb-text-9riog\"><div class=\"eb-parent-wrapper eb-parent-eb-text-9riog eb_animation eb___animated eb___bounceInUp\"><div class=\"eb-text-wrapper eb-text-9riog\" data-id=\"eb-text-9riog\"><p class=\"eb-text\">Les musulmans du pass\u00e9 \u00e9taient \u00e0 l'avant-garde de la m\u00e9decine, de la philosophie, de l'architecture, de l'art\u2026 En formant et en \u00e9duquant les musulmans d'aujourd'hui, nous nous assurons que, inspir\u00e9s par leur foi, ils contribuent positivement \u00e0 l'humanit\u00e9.<\/p><\/div><\/div><\/div>\n<\/div>\n\n\n\n<div class=\"wp-block-group has-global-padding is-layout-constrained wp-block-group-is-layout-constrained\" style=\"padding-bottom:var(--wp--preset--spacing--60)\">\n<div class=\"wp-block-essential-blocks-text  root-eb-text-569km\"><div class=\"eb-parent-wrapper eb-parent-eb-text-569km eb_animation eb___animated eb___bounceInUp\"><div class=\"eb-text-wrapper eb-text-569km\" data-id=\"eb-text-569km\"><p class=\"eb-text\"><strong>7. Al-Andalusia aborde des sujets pertinents pour les musulmans d'aujourd'hui.<\/strong><\/p><\/div><\/div><\/div>\n\n\n\n<div class=\"wp-block-essential-blocks-text  root-eb-text-zsqn1\"><div class=\"eb-parent-wrapper eb-parent-eb-text-zsqn1 eb_animation eb___animated eb___bounceInUp\"><div class=\"eb-text-wrapper eb-text-zsqn1\" data-id=\"eb-text-zsqn1\"><p class=\"eb-text\">Les musulmans sont confront\u00e9s \u00e0 des probl\u00e9matiques complexes telles que l'avortement, les droits des femmes, le djihad, la charia, la la\u00efcit\u00e9, l'islamophobie, et bien d'autres. \u00c0 Al-Andalusia, nous nous effor\u00e7ons de r\u00e9pondre \u00e0 ces enjeux afin de renforcer nos communaut\u00e9s.<\/p><\/div><\/div><\/div>\n<\/div>\n\n\n\n<div class=\"wp-block-group has-global-padding is-layout-constrained wp-block-group-is-layout-constrained\" style=\"padding-bottom:var(--wp--preset--spacing--60)\">\n<div class=\"wp-block-essential-blocks-text  root-eb-text-mj050\"><div class=\"eb-parent-wrapper eb-parent-eb-text-mj050 eb_animation eb___animated eb___bounceInUp\"><div class=\"eb-text-wrapper eb-text-mj050\" data-id=\"eb-text-mj050\"><p class=\"eb-text\"><strong>8. Al-Andalusia croit en la cr\u00e9ation de contenus de haute qualit\u00e9 accessibles \u00e0 tous.<\/strong><\/p><\/div><\/div><\/div>\n\n\n\n<div class=\"wp-block-essential-blocks-text  root-eb-text-co4ly\"><div class=\"eb-parent-wrapper eb-parent-eb-text-co4ly eb_animation eb___animated eb___bounceInUp\"><div class=\"eb-text-wrapper eb-text-co4ly\" data-id=\"eb-text-co4ly\"><p class=\"eb-text\">Nous souhaitons \u00e9lever le niveau du discours de la communaut\u00e9 musulmane en mettant \u00e0 la disposition de tous des documents de recherche de niveau universitaire.<\/p><\/div><\/div><\/div>\n<\/div>\n\n\n\n<div class=\"wp-block-group has-global-padding is-layout-constrained wp-block-group-is-layout-constrained\" style=\"padding-bottom:var(--wp--preset--spacing--60)\">\n<div class=\"wp-block-essential-blocks-text  root-eb-text-q8teo\"><div class=\"eb-parent-wrapper eb-parent-eb-text-q8teo eb_animation eb___animated eb___bounceInUp\"><div class=\"eb-text-wrapper eb-text-q8teo\" data-id=\"eb-text-q8teo\"><p class=\"eb-text\"><strong>9. Al-Andalusia est internationale<\/strong><\/p><\/div><\/div><\/div>\n\n\n\n<div class=\"wp-block-essential-blocks-text  root-eb-text-4b75e\"><div class=\"eb-parent-wrapper eb-parent-eb-text-4b75e eb_animation eb___animated eb___bounceInUp\"><div class=\"eb-text-wrapper eb-text-4b75e\" data-id=\"eb-text-4b75e\"><p class=\"eb-text\">Nous ne nous limitons pas \u00e0 la communaut\u00e9 musulmane d'Espagne. Gr\u00e2ce \u00e0 Dieu, nos \u00e9l\u00e8ves viennent de 17 pays diff\u00e9rents, ce qui signifie que d'ici quelques ann\u00e9es, nous aurons form\u00e9 des enseignants dans tous les pays hispanophones. Avec votre soutien, nous pourrons continuer \u00e0 former, \u00e9duquer et inspirer, m\u00eame dans les r\u00e9gions les plus recul\u00e9es.<\/p><\/div><\/div><\/div>\n<\/div>\n\n\n\n<div class=\"wp-block-group has-global-padding is-layout-constrained wp-block-group-is-layout-constrained\" style=\"padding-bottom:var(--wp--preset--spacing--60)\">\n<div class=\"wp-block-essential-blocks-text  root-eb-text-au13e\"><div class=\"eb-parent-wrapper eb-parent-eb-text-au13e eb_animation eb___animated eb___bounceInUp\"><div class=\"eb-text-wrapper eb-text-au13e\" data-id=\"eb-text-au13e\"><p class=\"eb-text\"><strong>10. Al-Andalusia change la vie de nombreuses personnes<\/strong><\/p><\/div><\/div><\/div>\n\n\n\n<div class=\"wp-block-essential-blocks-text  root-eb-text-juz1u\"><div class=\"eb-parent-wrapper eb-parent-eb-text-juz1u eb_animation eb___animated eb___bounceInUp\"><div class=\"eb-text-wrapper eb-text-juz1u\" data-id=\"eb-text-juz1u\"><p class=\"eb-text\">\u00ab C\u2019est pourquoi j\u2019ai pu trouver, dans l\u2019espace d\u2019Al-Andalus, un moyen d\u2019acqu\u00e9rir des outils de connaissance pour apprendre \u00e0 me conna\u00eetre moi-m\u00eame \u00e0 travers la chaleur de l\u2019Islam ; notre mode de vie inconnu. \u00bb <br><br>C'est un autre moyen qu'Allah m'a offert, insufflant un vent de fra\u00eecheur et de renouveau gr\u00e2ce \u00e0 la connaissance de soi et \u00e0 la correction de mes erreurs d'apprentissage dues \u00e0 l'\u00e9gocentrisme culturel et humain. C'est une autre fa\u00e7on de conna\u00eetre notre Cr\u00e9ateur \u00e0 travers la science, avec des hispanophones \u00e9rudits qui ont beaucoup \u00e0 apporter. <br><br>T\u00e9moignage d'un de nos \u00e9tudiants.<\/p><\/div><\/div><\/div>\n<\/div>\n<\/div>","protected":false},"excerpt":{"rendered":"<p>\u00bfPorqu\u00e9 Donar? Las 10 razones para donar<\/p>","protected":false},"author":539,"featured_media":10,"parent":0,"menu_order":0,"comment_status":"closed","ping_status":"closed","template":"","meta":{"give_campaign_id":0,"_eb_attr":"","_eb_data_table":"","footnotes":""},"class_list":["post-54","page","type-page","status-publish","has-post-thumbnail","hentry"],"campaignId":"0","_links":{"self":[{"href":"https:\/\/donar.alandalusia.es\/fr\/wp-json\/wp\/v2\/pages\/54","targetHints":{"allow":["GET"]}}],"collection":[{"href":"https:\/\/donar.alandalusia.es\/fr\/wp-json\/wp\/v2\/pages"}],"about":[{"href":"https:\/\/donar.alandalusia.es\/fr\/wp-json\/wp\/v2\/types\/page"}],"author":[{"embeddable":true,"href":"https:\/\/donar.alandalusia.es\/fr\/wp-json\/wp\/v2\/users\/539"}],"replies":[{"embeddable":true,"href":"https:\/\/donar.alandalusia.es\/fr\/wp-json\/wp\/v2\/comments?post=54"}],"version-history":[{"count":0,"href":"https:\/\/donar.alandalusia.es\/fr\/wp-json\/wp\/v2\/pages\/54\/revisions"}],"wp:featuredmedia":[{"embeddable":true,"href":"https:\/\/donar.alandalusia.es\/fr\/wp-json\/wp\/v2\/media\/10"}],"wp:attachment":[{"href":"https:\/\/donar.alandalusia.es\/fr\/wp-json\/wp\/v2\/media?parent=54"}],"curies":[{"name":"wp","href":"https:\/\/api.w.org\/{rel}","templated":true}]}}